{"id":1653,"date":"2020-08-02T20:01:57","date_gmt":"2020-08-03T01:01:57","guid":{"rendered":"http:\/\/www.internationaltrading.com.mx\/?page_id=1653"},"modified":"2023-01-18T19:47:59","modified_gmt":"2023-01-19T01:47:59","slug":"ups-apc-2","status":"publish","type":"page","link":"https:\/\/www.internationaltrading.com.mx\/en\/ups\/ups-apc-2\/","title":{"rendered":"UPS: APC"},"content":{"rendered":"<div id=\"pl-1653\"  class=\"panel-layout\" ><div id=\"pg-1653-0\"  class=\"panel-grid panel-has-style\" ><div class=\"siteorigin-panels-stretch panel-row-style panel-row-style-for-1653-0\" data-stretch-type=\"full-stretched\" ><div id=\"pgc-1653-0-0\"  class=\"panel-grid-cell\" ><div id=\"panel-1653-0-0-0\" class=\"so-panel widget widget_sow-hero panel-first-child panel-last-child\" data-index=\"0\" ><div class=\"panel-widget-style panel-widget-style-for-1653-0-0-0\" ><div\n\t\t\t\n\t\t\tclass=\"so-widget-sow-hero so-widget-sow-hero-default-e751aa66ceca-1653 so-widget-fittext-wrapper\"\n\t\t\t\n\t\t>\t\t\t\t<div class=\"sow-slider-base\" style=\"display: none\" tabindex=\"0\">\n\t\t\t\t\t<ul\n\t\t\t\t\tclass=\"sow-slider-images\"\n\t\t\t\t\tdata-settings=\"{&quot;pagination&quot;:true,&quot;speed&quot;:1000,&quot;timeout&quot;:8000,&quot;paused&quot;:false,&quot;pause_on_hover&quot;:false,&quot;swipe&quot;:true,&quot;nav_always_show_desktop&quot;:&quot;&quot;,&quot;nav_always_show_mobile&quot;:&quot;&quot;,&quot;breakpoint&quot;:&quot;780px&quot;,&quot;unmute&quot;:false,&quot;anchor&quot;:null}\"\n\t\t\t\t\t\t\t\t\t\tdata-anchor-id=\"\"\n\t\t\t\t>\t\t<li class=\"sow-slider-image  sow-slider-image-cover\" style=\"visibility: visible;;background-color: #222222\" >\n\t\t\t\t\t<div class=\"sow-slider-image-container\">\n\t\t\t<div class=\"sow-slider-image-wrapper\">\n\t\t\t\t<h1 style=\"text-align: center\"><strong>PRODUCTS<\/strong><\/h1>\n<h6 style=\"text-align: center;color: white\"><strong>UPS: APC<\/strong><\/h6>\t\t\t<\/div>\n\t\t<\/div>\n\t\t<div class=\"sow-slider-image-overlay sow-slider-image-cover\" style=\"opacity: 0.6;background-image: url(https:\/\/www.internationaltrading.com.mx\/wp-content\/uploads\/2020\/08\/PRODUCTS-UPS-APCjpg.jpg)\"  ><\/div>\t\t<\/li>\n\t\t<\/ul>\t\t\t\t<ol class=\"sow-slider-pagination\">\n\t\t\t\t\t\t\t\t\t\t\t<li><a href=\"#\" data-goto=\"0\" aria-label=\"display slide 1\"><\/a><\/li>\n\t\t\t\t\t\t\t\t\t<\/ol>\n\n\t\t\t\t<div class=\"sow-slide-nav sow-slide-nav-next\">\n\t\t\t\t\t<a href=\"#\" data-goto=\"next\" aria-label=\"next slide\" data-action=\"next\">\n\t\t\t\t\t\t<em class=\"sow-sld-icon-thin-right\"><\/em>\n\t\t\t\t\t<\/a>\n\t\t\t\t<\/div>\n\n\t\t\t\t<div class=\"sow-slide-nav sow-slide-nav-prev\">\n\t\t\t\t\t<a href=\"#\" data-goto=\"previous\" aria-label=\"previous slide\" data-action=\"prev\">\n\t\t\t\t\t\t<em class=\"sow-sld-icon-thin-left\"><\/em>\n\t\t\t\t\t<\/a>\n\t\t\t\t<\/div>\n\t\t\t\t<\/div><\/div><\/div><\/div><\/div><\/div><\/div><div id=\"pg-1653-1\"  class=\"panel-grid panel-has-style\" ><div class=\"siteorigin-panels-stretch panel-row-style panel-row-style-for-1653-1\" data-stretch-type=\"full\" ><div id=\"pgc-1653-1-0\"  class=\"panel-grid-cell\" ><div id=\"panel-1653-1-0-0\" class=\"so-panel widget widget_sow-image panel-first-child panel-last-child\" data-index=\"1\" ><div\n\t\t\t\n\t\t\tclass=\"so-widget-sow-image so-widget-sow-image-default-c67d20f9f743-1653\"\n\t\t\t\n\t\t>\n\n<div class=\"sow-image-container\">\n\t\t<img loading=\"lazy\" decoding=\"async\" src=\"https:\/\/www.internationaltrading.com.mx\/wp-content\/uploads\/2020\/08\/apc-logo.png\" width=\"400\" height=\"190\" srcset=\"https:\/\/www.internationaltrading.com.mx\/wp-content\/uploads\/2020\/08\/apc-logo.png 400w, https:\/\/www.internationaltrading.com.mx\/wp-content\/uploads\/2020\/08\/apc-logo-300x143.png 300w\" sizes=\"auto, (max-width: 400px) 100vw, 400px\" alt=\"\" \t\tclass=\"so-widget-image\"\/>\n\t<\/div>\n\n<\/div><\/div><\/div><\/div><\/div><div id=\"pg-1653-2\"  class=\"panel-grid panel-has-style\" ><div class=\"siteorigin-panels-stretch panel-row-style panel-row-style-for-1653-2\" data-stretch-type=\"full\" ><div id=\"pgc-1653-2-0\"  class=\"panel-grid-cell\" ><div id=\"panel-1653-2-0-0\" class=\"so-panel widget widget_sow-headline panel-first-child panel-last-child\" data-index=\"2\" ><div\n\t\t\t\n\t\t\tclass=\"so-widget-sow-headline so-widget-sow-headline-default-fa93d44eecf1-1653 so-widget-fittext-wrapper\"\n\t\t\t data-fit-text-compressor=\"0\"\n\t\t><div class=\"sow-headline-container\">\n\t\t\t\t\t\t\t<h1 class=\"sow-headline\">\n\t\t\t\t\t\tSTANDBY - MONOPHASIC-120V\t\t\t\t\t\t<\/h1>\n\t\t\t\t\t\t\t\t\t\t\t<div class=\"decoration\">\n\t\t\t\t\t\t<div class=\"decoration-inside\"><\/div>\n\t\t\t\t\t<\/div>\n\t\t\t\t\t<\/div>\n<\/div><\/div><\/div><\/div><\/div><div id=\"pg-1653-3\"  class=\"panel-grid panel-no-style\" ><div id=\"pgc-1653-3-0\"  class=\"panel-grid-cell\" ><div id=\"panel-1653-3-0-0\" class=\"so-panel widget widget_sow-image panel-first-child\" data-index=\"3\" ><div class=\"panel-widget-style panel-widget-style-for-1653-3-0-0\" ><div\n\t\t\t\n\t\t\tclass=\"so-widget-sow-image so-widget-sow-image-default-c67d20f9f743-1653\"\n\t\t\t\n\t\t>\n\n<div class=\"sow-image-container\">\n\t\t<img loading=\"lazy\" decoding=\"async\" src=\"https:\/\/www.internationaltrading.com.mx\/wp-content\/uploads\/2020\/08\/APC-UPS.png\" width=\"185\" height=\"185\" srcset=\"https:\/\/www.internationaltrading.com.mx\/wp-content\/uploads\/2020\/08\/APC-UPS.png 185w, https:\/\/www.internationaltrading.com.mx\/wp-content\/uploads\/2020\/08\/APC-UPS-150x150.png 150w\" sizes=\"auto, (max-width: 185px) 100vw, 185px\" title=\"UPS APC\" alt=\"\" \t\tclass=\"so-widget-image\"\/>\n\t<\/div>\n\n<\/div><\/div><\/div><div id=\"panel-1653-3-0-1\" class=\"so-panel widget widget_sow-editor panel-last-child\" data-index=\"4\" ><div\n\t\t\t\n\t\t\tclass=\"so-widget-sow-editor so-widget-sow-editor-base\"\n\t\t\t\n\t\t>\n<div class=\"siteorigin-widget-tinymce textwidget\">\n\t<p style=\"text-align: center;\"><strong>Back-UPS ES<\/strong><\/p>\n<p style=\"text-align: center;\"><strong>350-750 VA y 650-1100 VA<\/strong><\/p>\n<\/div>\n<\/div><\/div><\/div><div id=\"pgc-1653-3-1\"  class=\"panel-grid-cell\" ><div id=\"panel-1653-3-1-0\" class=\"so-panel widget widget_sow-image panel-first-child\" data-index=\"5\" ><div class=\"panel-widget-style panel-widget-style-for-1653-3-1-0\" ><div\n\t\t\t\n\t\t\tclass=\"so-widget-sow-image so-widget-sow-image-default-c67d20f9f743-1653\"\n\t\t\t\n\t\t>\n\n<div class=\"sow-image-container\">\n\t\t<img loading=\"lazy\" decoding=\"async\" src=\"https:\/\/www.internationaltrading.com.mx\/wp-content\/uploads\/2020\/08\/APC-UPS_1.png\" width=\"185\" height=\"185\" srcset=\"https:\/\/www.internationaltrading.com.mx\/wp-content\/uploads\/2020\/08\/APC-UPS_1.png 185w, https:\/\/www.internationaltrading.com.mx\/wp-content\/uploads\/2020\/08\/APC-UPS_1-150x150.png 150w\" sizes=\"auto, (max-width: 185px) 100vw, 185px\" title=\"UPS APC\" alt=\"\" \t\tclass=\"so-widget-image\"\/>\n\t<\/div>\n\n<\/div><\/div><\/div><div id=\"panel-1653-3-1-1\" class=\"so-panel widget widget_sow-editor panel-last-child\" data-index=\"6\" ><div\n\t\t\t\n\t\t\tclass=\"so-widget-sow-editor so-widget-sow-editor-base\"\n\t\t\t\n\t\t>\n<div class=\"siteorigin-widget-tinymce textwidget\">\n\t<p style=\"text-align: center;\"><strong>Back-UPS PRO<\/strong><\/p>\n<p style=\"text-align: center;\"><strong>700-1500 VA<\/strong><\/p>\n<\/div>\n<\/div><\/div><\/div><\/div><div id=\"pg-1653-4\"  class=\"panel-grid panel-has-style\" ><div class=\"siteorigin-panels-stretch panel-row-style panel-row-style-for-1653-4\" data-stretch-type=\"full\" ><div id=\"pgc-1653-4-0\"  class=\"panel-grid-cell\" ><div id=\"panel-1653-4-0-0\" class=\"so-panel widget widget_sow-headline panel-first-child panel-last-child\" data-index=\"7\" ><div\n\t\t\t\n\t\t\tclass=\"so-widget-sow-headline so-widget-sow-headline-default-fa93d44eecf1-1653 so-widget-fittext-wrapper\"\n\t\t\t data-fit-text-compressor=\"0\"\n\t\t><div class=\"sow-headline-container\">\n\t\t\t\t\t\t\t<h1 class=\"sow-headline\">\n\t\t\t\t\t\tINTERACTIVE - MONOPHASIC-120V\t\t\t\t\t\t<\/h1>\n\t\t\t\t\t\t\t\t\t\t\t<div class=\"decoration\">\n\t\t\t\t\t\t<div class=\"decoration-inside\"><\/div>\n\t\t\t\t\t<\/div>\n\t\t\t\t\t<\/div>\n<\/div><\/div><\/div><\/div><\/div><div id=\"pg-1653-5\"  class=\"panel-grid panel-no-style\" ><div id=\"pgc-1653-5-0\"  class=\"panel-grid-cell\" ><div id=\"panel-1653-5-0-0\" class=\"so-panel widget widget_sow-image panel-first-child\" data-index=\"8\" ><div class=\"panel-widget-style panel-widget-style-for-1653-5-0-0\" ><div\n\t\t\t\n\t\t\tclass=\"so-widget-sow-image so-widget-sow-image-default-c67d20f9f743-1653\"\n\t\t\t\n\t\t>\n\n<div class=\"sow-image-container\">\n\t\t<img loading=\"lazy\" decoding=\"async\" src=\"https:\/\/www.internationaltrading.com.mx\/wp-content\/uploads\/2020\/08\/APC-UPS_2.png\" width=\"185\" height=\"185\" srcset=\"https:\/\/www.internationaltrading.com.mx\/wp-content\/uploads\/2020\/08\/APC-UPS_2.png 185w, https:\/\/www.internationaltrading.com.mx\/wp-content\/uploads\/2020\/08\/APC-UPS_2-150x150.png 150w\" sizes=\"auto, (max-width: 185px) 100vw, 185px\" title=\"UPS APC\" alt=\"\" \t\tclass=\"so-widget-image\"\/>\n\t<\/div>\n\n<\/div><\/div><\/div><div id=\"panel-1653-5-0-1\" class=\"so-panel widget widget_sow-editor panel-last-child\" data-index=\"9\" ><div\n\t\t\t\n\t\t\tclass=\"so-widget-sow-editor so-widget-sow-editor-base\"\n\t\t\t\n\t\t>\n<div class=\"siteorigin-widget-tinymce textwidget\">\n\t<p style=\"text-align: center;\"><strong>Smart UPS C<\/strong><\/p>\n<p style=\"text-align: center;\"><strong>420-1440 VA<\/strong><\/p>\n<\/div>\n<\/div><\/div><\/div><div id=\"pgc-1653-5-1\"  class=\"panel-grid-cell\" ><div id=\"panel-1653-5-1-0\" class=\"so-panel widget widget_sow-image panel-first-child\" data-index=\"10\" ><div class=\"panel-widget-style panel-widget-style-for-1653-5-1-0\" ><div\n\t\t\t\n\t\t\tclass=\"so-widget-sow-image so-widget-sow-image-default-c67d20f9f743-1653\"\n\t\t\t\n\t\t>\n\n<div class=\"sow-image-container\">\n\t\t<img loading=\"lazy\" decoding=\"async\" src=\"https:\/\/www.internationaltrading.com.mx\/wp-content\/uploads\/2020\/08\/APC-UPS_3.png\" width=\"185\" height=\"185\" srcset=\"https:\/\/www.internationaltrading.com.mx\/wp-content\/uploads\/2020\/08\/APC-UPS_3.png 185w, https:\/\/www.internationaltrading.com.mx\/wp-content\/uploads\/2020\/08\/APC-UPS_3-150x150.png 150w\" sizes=\"auto, (max-width: 185px) 100vw, 185px\" title=\"UPS APC\" alt=\"\" \t\tclass=\"so-widget-image\"\/>\n\t<\/div>\n\n<\/div><\/div><\/div><div id=\"panel-1653-5-1-1\" class=\"so-panel widget widget_sow-editor panel-last-child\" data-index=\"11\" ><div\n\t\t\t\n\t\t\tclass=\"so-widget-sow-editor so-widget-sow-editor-base\"\n\t\t\t\n\t\t>\n<div class=\"siteorigin-widget-tinymce textwidget\">\n\t<p style=\"text-align: center;\"><strong>Smart UPS<\/strong><\/p>\n<p style=\"text-align: center;\"><strong>750-3000 VA<\/strong><\/p>\n<\/div>\n<\/div><\/div><\/div><div id=\"pgc-1653-5-2\"  class=\"panel-grid-cell\" ><div id=\"panel-1653-5-2-0\" class=\"so-panel widget widget_sow-image panel-first-child\" data-index=\"12\" ><div class=\"panel-widget-style panel-widget-style-for-1653-5-2-0\" ><div\n\t\t\t\n\t\t\tclass=\"so-widget-sow-image so-widget-sow-image-default-c67d20f9f743-1653\"\n\t\t\t\n\t\t>\n\n<div class=\"sow-image-container\">\n\t\t<img loading=\"lazy\" decoding=\"async\" src=\"https:\/\/www.internationaltrading.com.mx\/wp-content\/uploads\/2020\/08\/APC-UPS_4.png\" width=\"185\" height=\"185\" srcset=\"https:\/\/www.internationaltrading.com.mx\/wp-content\/uploads\/2020\/08\/APC-UPS_4.png 185w, https:\/\/www.internationaltrading.com.mx\/wp-content\/uploads\/2020\/08\/APC-UPS_4-150x150.png 150w\" sizes=\"auto, (max-width: 185px) 100vw, 185px\" title=\"UPS APC\" alt=\"\" \t\tclass=\"so-widget-image\"\/>\n\t<\/div>\n\n<\/div><\/div><\/div><div id=\"panel-1653-5-2-1\" class=\"so-panel widget widget_sow-editor panel-last-child\" data-index=\"13\" ><div\n\t\t\t\n\t\t\tclass=\"so-widget-sow-editor so-widget-sow-editor-base\"\n\t\t\t\n\t\t>\n<div class=\"siteorigin-widget-tinymce textwidget\">\n\t<p style=\"text-align: center;\"><strong>Smart UPS X<\/strong><\/p>\n<p style=\"text-align: center;\"><strong>750-2880 VA<\/strong><\/p>\n<\/div>\n<\/div><\/div><\/div><\/div><div id=\"pg-1653-6\"  class=\"panel-grid panel-has-style\" ><div class=\"siteorigin-panels-stretch panel-row-style panel-row-style-for-1653-6\" data-stretch-type=\"full\" ><div id=\"pgc-1653-6-0\"  class=\"panel-grid-cell\" ><div id=\"panel-1653-6-0-0\" class=\"so-panel widget widget_sow-headline panel-first-child panel-last-child\" data-index=\"14\" ><div\n\t\t\t\n\t\t\tclass=\"so-widget-sow-headline so-widget-sow-headline-default-fa93d44eecf1-1653 so-widget-fittext-wrapper\"\n\t\t\t data-fit-text-compressor=\"0\"\n\t\t><div class=\"sow-headline-container\">\n\t\t\t\t\t\t\t<h1 class=\"sow-headline\">\n\t\t\t\t\t\tONLINE\t\t\t\t\t\t<\/h1>\n\t\t\t\t\t\t\t\t\t\t\t<div class=\"decoration\">\n\t\t\t\t\t\t<div class=\"decoration-inside\"><\/div>\n\t\t\t\t\t<\/div>\n\t\t\t\t\t<\/div>\n<\/div><\/div><\/div><\/div><\/div><div id=\"pg-1653-7\"  class=\"panel-grid panel-no-style\" ><div id=\"pgc-1653-7-0\"  class=\"panel-grid-cell\" ><div id=\"panel-1653-7-0-0\" class=\"so-panel widget widget_sow-image panel-first-child\" data-index=\"15\" ><div class=\"panel-widget-style panel-widget-style-for-1653-7-0-0\" ><div\n\t\t\t\n\t\t\tclass=\"so-widget-sow-image so-widget-sow-image-default-c67d20f9f743-1653\"\n\t\t\t\n\t\t>\n\n<div class=\"sow-image-container\">\n\t\t<img loading=\"lazy\" decoding=\"async\" src=\"https:\/\/www.internationaltrading.com.mx\/wp-content\/uploads\/2020\/08\/APC-UPS_5.png\" width=\"185\" height=\"185\" srcset=\"https:\/\/www.internationaltrading.com.mx\/wp-content\/uploads\/2020\/08\/APC-UPS_5.png 185w, https:\/\/www.internationaltrading.com.mx\/wp-content\/uploads\/2020\/08\/APC-UPS_5-150x150.png 150w\" sizes=\"auto, (max-width: 185px) 100vw, 185px\" title=\"UPS APC\" alt=\"\" \t\tclass=\"so-widget-image\"\/>\n\t<\/div>\n\n<\/div><\/div><\/div><div id=\"panel-1653-7-0-1\" class=\"so-panel widget widget_sow-editor panel-last-child\" data-index=\"16\" ><div\n\t\t\t\n\t\t\tclass=\"so-widget-sow-editor so-widget-sow-editor-base\"\n\t\t\t\n\t\t>\n<div class=\"siteorigin-widget-tinymce textwidget\">\n\t<p style=\"text-align: center;\"><b>Monophasic-120V<\/b><\/p>\n<p style=\"text-align: center;\"><b>Smart<\/b><b> UPS RT<\/b><\/p>\n<p style=\"text-align: center;\"><b>1000-3000 VA<\/b><\/p>\n<\/div>\n<\/div><\/div><\/div><div id=\"pgc-1653-7-1\"  class=\"panel-grid-cell\" ><div id=\"panel-1653-7-1-0\" class=\"so-panel widget widget_sow-image panel-first-child\" data-index=\"17\" ><div class=\"panel-widget-style panel-widget-style-for-1653-7-1-0\" ><div\n\t\t\t\n\t\t\tclass=\"so-widget-sow-image so-widget-sow-image-default-c67d20f9f743-1653\"\n\t\t\t\n\t\t>\n\n<div class=\"sow-image-container\">\n\t\t<img loading=\"lazy\" decoding=\"async\" src=\"https:\/\/www.internationaltrading.com.mx\/wp-content\/uploads\/2020\/08\/APC-UPS_6.png\" width=\"185\" height=\"185\" srcset=\"https:\/\/www.internationaltrading.com.mx\/wp-content\/uploads\/2020\/08\/APC-UPS_6.png 185w, https:\/\/www.internationaltrading.com.mx\/wp-content\/uploads\/2020\/08\/APC-UPS_6-150x150.png 150w\" sizes=\"auto, (max-width: 185px) 100vw, 185px\" title=\"UPS APC\" alt=\"\" \t\tclass=\"so-widget-image\"\/>\n\t<\/div>\n\n<\/div><\/div><\/div><div id=\"panel-1653-7-1-1\" class=\"so-panel widget widget_sow-editor panel-last-child\" data-index=\"18\" ><div\n\t\t\t\n\t\t\tclass=\"so-widget-sow-editor so-widget-sow-editor-base\"\n\t\t\t\n\t\t>\n<div class=\"siteorigin-widget-tinymce textwidget\">\n\t<p style=\"text-align: center;\"><b>Biphasic-220V<\/b><\/p>\n<p style=\"text-align: center;\"><b>Smart<\/b><b> UPS RT<\/b><\/p>\n<p style=\"text-align: center;\"><b>3000-15000 VA<\/b><\/p>\n<\/div>\n<\/div><\/div><\/div><div id=\"pgc-1653-7-2\"  class=\"panel-grid-cell\" ><div id=\"panel-1653-7-2-0\" class=\"so-panel widget widget_sow-image panel-first-child\" data-index=\"19\" ><div class=\"panel-widget-style panel-widget-style-for-1653-7-2-0\" ><div\n\t\t\t\n\t\t\tclass=\"so-widget-sow-image so-widget-sow-image-default-c67d20f9f743-1653\"\n\t\t\t\n\t\t>\n\n<div class=\"sow-image-container\">\n\t\t<img loading=\"lazy\" decoding=\"async\" src=\"https:\/\/www.internationaltrading.com.mx\/wp-content\/uploads\/2020\/08\/APC-UPS_7.png\" width=\"185\" height=\"185\" srcset=\"https:\/\/www.internationaltrading.com.mx\/wp-content\/uploads\/2020\/08\/APC-UPS_7.png 185w, https:\/\/www.internationaltrading.com.mx\/wp-content\/uploads\/2020\/08\/APC-UPS_7-150x150.png 150w\" sizes=\"auto, (max-width: 185px) 100vw, 185px\" title=\"UPS APC\" alt=\"\" \t\tclass=\"so-widget-image\"\/>\n\t<\/div>\n\n<\/div><\/div><\/div><div id=\"panel-1653-7-2-1\" class=\"so-panel widget widget_sow-editor panel-last-child\" data-index=\"20\" ><div\n\t\t\t\n\t\t\tclass=\"so-widget-sow-editor so-widget-sow-editor-base\"\n\t\t\t\n\t\t>\n<div class=\"siteorigin-widget-tinymce textwidget\">\n\t<p style=\"text-align: center;\"><b>Triphasic-220V<\/b><\/p>\n<p style=\"text-align: center;\"><b>Smart<\/b><b> UPS VT<\/b><\/p>\n<p style=\"text-align: center;\"><b>10000-30000 VA<\/b><\/p>\n<\/div>\n<\/div><\/div><\/div><\/div><div id=\"pg-1653-8\"  class=\"panel-grid panel-no-style\" ><div id=\"pgc-1653-8-0\"  class=\"panel-grid-cell\" ><div id=\"panel-1653-8-0-0\" class=\"so-panel widget widget_sow-image panel-first-child\" data-index=\"21\" ><div class=\"panel-widget-style panel-widget-style-for-1653-8-0-0\" ><div\n\t\t\t\n\t\t\tclass=\"so-widget-sow-image so-widget-sow-image-default-c67d20f9f743-1653\"\n\t\t\t\n\t\t>\n\n<div class=\"sow-image-container\">\n\t\t<img loading=\"lazy\" decoding=\"async\" src=\"https:\/\/www.internationaltrading.com.mx\/wp-content\/uploads\/2020\/08\/APC-UPS_8.png\" width=\"185\" height=\"185\" srcset=\"https:\/\/www.internationaltrading.com.mx\/wp-content\/uploads\/2020\/08\/APC-UPS_8.png 185w, https:\/\/www.internationaltrading.com.mx\/wp-content\/uploads\/2020\/08\/APC-UPS_8-150x150.png 150w\" sizes=\"auto, (max-width: 185px) 100vw, 185px\" title=\"UPS APC\" alt=\"\" \t\tclass=\"so-widget-image\"\/>\n\t<\/div>\n\n<\/div><\/div><\/div><div id=\"panel-1653-8-0-1\" class=\"so-panel widget widget_sow-editor panel-last-child\" data-index=\"22\" ><div\n\t\t\t\n\t\t\tclass=\"so-widget-sow-editor so-widget-sow-editor-base\"\n\t\t\t\n\t\t>\n<div class=\"siteorigin-widget-tinymce textwidget\">\n\t<p style=\"text-align: center;\"><b>Triphasic-220V, 480 V<\/b><\/p>\n<p style=\"text-align: center;\"><b>Galaxy<\/b><b> 3500<\/b><\/p>\n<p style=\"text-align: center;\"><b>10000-30000 VA<\/b><\/p>\n<\/div>\n<\/div><\/div><\/div><div id=\"pgc-1653-8-1\"  class=\"panel-grid-cell\" ><div id=\"panel-1653-8-1-0\" class=\"so-panel widget widget_sow-image panel-first-child\" data-index=\"23\" ><div class=\"panel-widget-style panel-widget-style-for-1653-8-1-0\" ><div\n\t\t\t\n\t\t\tclass=\"so-widget-sow-image so-widget-sow-image-default-c67d20f9f743-1653\"\n\t\t\t\n\t\t>\n\n<div class=\"sow-image-container\">\n\t\t<img loading=\"lazy\" decoding=\"async\" src=\"https:\/\/www.internationaltrading.com.mx\/wp-content\/uploads\/2020\/08\/APC-UPS_9.png\" width=\"185\" height=\"185\" srcset=\"https:\/\/www.internationaltrading.com.mx\/wp-content\/uploads\/2020\/08\/APC-UPS_9.png 185w, https:\/\/www.internationaltrading.com.mx\/wp-content\/uploads\/2020\/08\/APC-UPS_9-150x150.png 150w\" sizes=\"auto, (max-width: 185px) 100vw, 185px\" title=\"UPS APC\" alt=\"\" \t\tclass=\"so-widget-image\"\/>\n\t<\/div>\n\n<\/div><\/div><\/div><div id=\"panel-1653-8-1-1\" class=\"so-panel widget widget_sow-editor panel-last-child\" data-index=\"24\" ><div\n\t\t\t\n\t\t\tclass=\"so-widget-sow-editor so-widget-sow-editor-base\"\n\t\t\t\n\t\t>\n<div class=\"siteorigin-widget-tinymce textwidget\">\n\t<p style=\"text-align: center;\"><b>Triphasic-220V, 480 V<\/b><\/p>\n<p style=\"text-align: center;\"><b>Galaxy<\/b><b> 5000<\/b><\/p>\n<p style=\"text-align: center;\"><b>40000-130000 VA<\/b><\/p>\n<\/div>\n<\/div><\/div><\/div><div id=\"pgc-1653-8-2\"  class=\"panel-grid-cell\" ><div id=\"panel-1653-8-2-0\" class=\"so-panel widget widget_sow-image panel-first-child\" data-index=\"25\" ><div class=\"panel-widget-style panel-widget-style-for-1653-8-2-0\" ><div\n\t\t\t\n\t\t\tclass=\"so-widget-sow-image so-widget-sow-image-default-c67d20f9f743-1653\"\n\t\t\t\n\t\t>\n\n<div class=\"sow-image-container\">\n\t\t<img loading=\"lazy\" decoding=\"async\" src=\"https:\/\/www.internationaltrading.com.mx\/wp-content\/uploads\/2020\/08\/APC-UPS_10.png\" width=\"185\" height=\"185\" srcset=\"https:\/\/www.internationaltrading.com.mx\/wp-content\/uploads\/2020\/08\/APC-UPS_10.png 185w, https:\/\/www.internationaltrading.com.mx\/wp-content\/uploads\/2020\/08\/APC-UPS_10-150x150.png 150w\" sizes=\"auto, (max-width: 185px) 100vw, 185px\" title=\"UPS APC\" alt=\"\" \t\tclass=\"so-widget-image\"\/>\n\t<\/div>\n\n<\/div><\/div><\/div><div id=\"panel-1653-8-2-1\" class=\"so-panel widget widget_sow-editor panel-last-child\" data-index=\"26\" ><div\n\t\t\t\n\t\t\tclass=\"so-widget-sow-editor so-widget-sow-editor-base\"\n\t\t\t\n\t\t>\n<div class=\"siteorigin-widget-tinymce textwidget\">\n\t<p style=\"text-align: center;\"><b>Triphasic-220V, 480 V<\/b><\/p>\n<p style=\"text-align: center;\"><b>Symmetra<\/b><b> PX<\/b><\/p>\n<p style=\"text-align: center;\"><b>10000-500000 VA<\/b><\/p>\n<\/div>\n<\/div><\/div><\/div><\/div><\/div>","protected":false},"excerpt":{"rendered":"<p>PRODUCTOS UPS: APC STANDBY &#8211; MONOF\u00c1SICO-120V Back-UPS ES 350-750 VA y 650-1100 VA Back-UPS PRO 700-1500 VA INTERACTIVO &#8211; MONOF\u00c1SICO-120V Smart UPS C 420-1440 VA Smart UPS 750-3000 VA Smart UPS X 750-2880 VA ONLINE Monof\u00e1sico-120V Smart UPS RT 1000-3000<\/p>","protected":false},"author":2,"featured_media":0,"parent":1608,"menu_order":3,"comment_status":"closed","ping_status":"closed","template":"","meta":{"_monsterinsights_skip_tracking":false,"_monsterinsights_sitenote_active":false,"_monsterinsights_sitenote_note":"","_monsterinsights_sitenote_category":0,"footnotes":""},"class_list":["post-1653","page","type-page","status-publish","hentry"],"_links":{"self":[{"href":"https:\/\/www.internationaltrading.com.mx\/en\/wp-json\/wp\/v2\/pages\/1653","targetHints":{"allow":["GET"]}}],"collection":[{"href":"https:\/\/www.internationaltrading.com.mx\/en\/wp-json\/wp\/v2\/pages"}],"about":[{"href":"https:\/\/www.internationaltrading.com.mx\/en\/wp-json\/wp\/v2\/types\/page"}],"author":[{"embeddable":true,"href":"https:\/\/www.internationaltrading.com.mx\/en\/wp-json\/wp\/v2\/users\/2"}],"replies":[{"embeddable":true,"href":"https:\/\/www.internationaltrading.com.mx\/en\/wp-json\/wp\/v2\/comments?post=1653"}],"version-history":[{"count":5,"href":"https:\/\/www.internationaltrading.com.mx\/en\/wp-json\/wp\/v2\/pages\/1653\/revisions"}],"predecessor-version":[{"id":2375,"href":"https:\/\/www.internationaltrading.com.mx\/en\/wp-json\/wp\/v2\/pages\/1653\/revisions\/2375"}],"up":[{"embeddable":true,"href":"https:\/\/www.internationaltrading.com.mx\/en\/wp-json\/wp\/v2\/pages\/1608"}],"wp:attachment":[{"href":"https:\/\/www.internationaltrading.com.mx\/en\/wp-json\/wp\/v2\/media?parent=1653"}],"curies":[{"name":"wp","href":"https:\/\/api.w.org\/{rel}","templated":true}]}}