{"id":1741,"date":"2020-08-03T01:59:45","date_gmt":"2020-08-03T06:59:45","guid":{"rendered":"http:\/\/www.internationaltrading.com.mx\/?page_id=1741"},"modified":"2023-01-18T19:54:58","modified_gmt":"2023-01-19T01:54:58","slug":"reguladores-de-voltaje","status":"publish","type":"page","link":"https:\/\/www.internationaltrading.com.mx\/en\/reguladores-de-voltaje\/","title":{"rendered":"Voltage Regulators"},"content":{"rendered":"<div id=\"pl-1741\"  class=\"panel-layout\" ><div id=\"pg-1741-0\"  class=\"panel-grid panel-has-style\" ><div class=\"siteorigin-panels-stretch panel-row-style panel-row-style-for-1741-0\" data-stretch-type=\"full-stretched\" ><div id=\"pgc-1741-0-0\"  class=\"panel-grid-cell\" ><div id=\"panel-1741-0-0-0\" class=\"so-panel widget widget_sow-hero panel-first-child panel-last-child\" data-index=\"0\" ><div class=\"panel-widget-style panel-widget-style-for-1741-0-0-0\" ><div\n\t\t\t\n\t\t\tclass=\"so-widget-sow-hero so-widget-sow-hero-default-e751aa66ceca-1741 so-widget-fittext-wrapper\"\n\t\t\t\n\t\t>\t\t\t\t<div class=\"sow-slider-base\" style=\"display: none\" tabindex=\"0\">\n\t\t\t\t\t<ul\n\t\t\t\t\tclass=\"sow-slider-images\"\n\t\t\t\t\tdata-settings=\"{&quot;pagination&quot;:true,&quot;speed&quot;:1000,&quot;timeout&quot;:8000,&quot;paused&quot;:false,&quot;pause_on_hover&quot;:false,&quot;swipe&quot;:true,&quot;nav_always_show_desktop&quot;:&quot;&quot;,&quot;nav_always_show_mobile&quot;:&quot;&quot;,&quot;breakpoint&quot;:&quot;780px&quot;,&quot;unmute&quot;:false,&quot;anchor&quot;:null}\"\n\t\t\t\t\t\t\t\t\t\tdata-anchor-id=\"\"\n\t\t\t\t>\t\t<li class=\"sow-slider-image  sow-slider-image-cover\" style=\"visibility: visible;;background-color: #222222\" >\n\t\t\t\t\t<div class=\"sow-slider-image-container\">\n\t\t\t<div class=\"sow-slider-image-wrapper\">\n\t\t\t\t<h1 style=\"text-align: center\"><strong>PRODUCTS<\/strong><\/h1>\n<h6 style=\"text-align: center;color: white\"><strong>VOLTAGE REGULATORS<\/strong><\/h6>\t\t\t<\/div>\n\t\t<\/div>\n\t\t<div class=\"sow-slider-image-overlay sow-slider-image-cover\" style=\"opacity: 0.6;background-image: url(https:\/\/www.internationaltrading.com.mx\/wp-content\/uploads\/2020\/08\/PRODUCTS-REGULADORES.jpg)\"  ><\/div>\t\t<\/li>\n\t\t<\/ul>\t\t\t\t<ol class=\"sow-slider-pagination\">\n\t\t\t\t\t\t\t\t\t\t\t<li><a href=\"#\" data-goto=\"0\" aria-label=\"display slide 1\"><\/a><\/li>\n\t\t\t\t\t\t\t\t\t<\/ol>\n\n\t\t\t\t<div class=\"sow-slide-nav sow-slide-nav-next\">\n\t\t\t\t\t<a href=\"#\" data-goto=\"next\" aria-label=\"next slide\" data-action=\"next\">\n\t\t\t\t\t\t<em class=\"sow-sld-icon-thin-right\"><\/em>\n\t\t\t\t\t<\/a>\n\t\t\t\t<\/div>\n\n\t\t\t\t<div class=\"sow-slide-nav sow-slide-nav-prev\">\n\t\t\t\t\t<a href=\"#\" data-goto=\"previous\" aria-label=\"previous slide\" data-action=\"prev\">\n\t\t\t\t\t\t<em class=\"sow-sld-icon-thin-left\"><\/em>\n\t\t\t\t\t<\/a>\n\t\t\t\t<\/div>\n\t\t\t\t<\/div><\/div><\/div><\/div><\/div><\/div><\/div><div id=\"pg-1741-1\"  class=\"panel-grid panel-has-style\" ><div class=\"siteorigin-panels-stretch panel-row-style panel-row-style-for-1741-1\" data-stretch-type=\"full\" ><div id=\"pgc-1741-1-0\"  class=\"panel-grid-cell\" ><div id=\"panel-1741-1-0-0\" class=\"so-panel widget widget_sow-headline panel-first-child\" data-index=\"1\" ><div\n\t\t\t\n\t\t\tclass=\"so-widget-sow-headline so-widget-sow-headline-default-fa93d44eecf1-1741 so-widget-fittext-wrapper\"\n\t\t\t data-fit-text-compressor=\"0\"\n\t\t><div class=\"sow-headline-container\">\n\t\t\t\t\t\t\t<h1 class=\"sow-headline\">\n\t\t\t\t\t\tWHAT IS A VOLTAGE REGULATOR OR VOLTAGE STABILIZER?\t\t\t\t\t\t<\/h1>\n\t\t\t\t\t\t\t\t\t\t\t<div class=\"decoration\">\n\t\t\t\t\t\t<div class=\"decoration-inside\"><\/div>\n\t\t\t\t\t<\/div>\n\t\t\t\t\t<\/div>\n<\/div><\/div><div id=\"panel-1741-1-0-1\" class=\"so-panel widget widget_sow-editor panel-last-child\" data-index=\"2\" ><div\n\t\t\t\n\t\t\tclass=\"so-widget-sow-editor so-widget-sow-editor-base\"\n\t\t\t\n\t\t>\n<div class=\"siteorigin-widget-tinymce textwidget\">\n\t<p class=\"textogrande\" style=\"text-align: justify;\">Voltage regulators are devices that correct voltage variations automatically and its function is to keep voltage constant, no matter line and charge variations. They protect electronic equipment, sensitive systems or susceptible to operation damage machinery.<\/p>\n<\/div>\n<\/div><\/div><\/div><\/div><\/div><div id=\"pg-1741-2\"  class=\"panel-grid panel-has-style\" ><div class=\"siteorigin-panels-stretch panel-row-style panel-row-style-for-1741-2\" data-stretch-type=\"full\" ><div id=\"pgc-1741-2-0\"  class=\"panel-grid-cell\" ><div id=\"panel-1741-2-0-0\" class=\"so-panel widget widget_sow-editor panel-first-child\" data-index=\"3\" ><div\n\t\t\t\n\t\t\tclass=\"so-widget-sow-editor so-widget-sow-editor-base\"\n\t\t\t\n\t\t>\n<div class=\"siteorigin-widget-tinymce textwidget\">\n\t<p class=\"textogrande\" style=\"text-align: center; color: #1e73be\"><strong>We handle the brand<\/strong><\/p>\n<\/div>\n<\/div><\/div><div id=\"panel-1741-2-0-1\" class=\"so-panel widget widget_sow-image panel-last-child\" data-index=\"4\" ><div\n\t\t\t\n\t\t\tclass=\"so-widget-sow-image so-widget-sow-image-default-c67d20f9f743-1741\"\n\t\t\t\n\t\t>\n\n<div class=\"sow-image-container\">\n\t\t<img loading=\"lazy\" decoding=\"async\" src=\"https:\/\/www.internationaltrading.com.mx\/wp-content\/uploads\/2020\/08\/POWER-ALL-logo.png\" width=\"400\" height=\"150\" srcset=\"https:\/\/www.internationaltrading.com.mx\/wp-content\/uploads\/2020\/08\/POWER-ALL-logo.png 400w, https:\/\/www.internationaltrading.com.mx\/wp-content\/uploads\/2020\/08\/POWER-ALL-logo-300x113.png 300w\" sizes=\"auto, (max-width: 400px) 100vw, 400px\" title=\"POWER ALL\" alt=\"\" \t\tclass=\"so-widget-image\"\/>\n\t<\/div>\n\n<\/div><\/div><\/div><\/div><\/div><div id=\"pg-1741-3\"  class=\"panel-grid panel-has-style\" ><div class=\"siteorigin-panels-stretch panel-row-style panel-row-style-for-1741-3\" data-stretch-type=\"full\" ><div id=\"pgc-1741-3-0\"  class=\"panel-grid-cell\" ><div id=\"panel-1741-3-0-0\" class=\"so-panel widget widget_sow-image panel-first-child\" data-index=\"5\" ><div\n\t\t\t\n\t\t\tclass=\"so-widget-sow-image so-widget-sow-image-default-c67d20f9f743-1741\"\n\t\t\t\n\t\t>\n\n<div class=\"sow-image-container\">\n\t\t<img loading=\"lazy\" decoding=\"async\" src=\"https:\/\/www.internationaltrading.com.mx\/wp-content\/uploads\/2020\/08\/REG1-300x300.png\" width=\"300\" height=\"300\" srcset=\"https:\/\/www.internationaltrading.com.mx\/wp-content\/uploads\/2020\/08\/REG1-300x300.png 300w, https:\/\/www.internationaltrading.com.mx\/wp-content\/uploads\/2020\/08\/REG1-150x150.png 150w, https:\/\/www.internationaltrading.com.mx\/wp-content\/uploads\/2020\/08\/REG1.png 500w\" sizes=\"auto, (max-width: 300px) 100vw, 300px\" title=\"REGULADOR DE VOLTAJE\" alt=\"\" \t\tclass=\"so-widget-image\"\/>\n\t<\/div>\n\n<\/div><\/div><div id=\"panel-1741-3-0-1\" class=\"so-panel widget widget_sow-editor panel-last-child\" data-index=\"6\" ><div\n\t\t\t\n\t\t\tclass=\"so-widget-sow-editor so-widget-sow-editor-base\"\n\t\t\t\n\t\t>\n<div class=\"siteorigin-widget-tinymce textwidget\">\n\t<p class=\"textogrande\" style=\"text-align: center; color: #1e73be;\"><strong>HOME<\/strong><\/p>\n<p class=\"textogrande\" style=\"text-align: center;\">Fridges, televisions, audio, washing machines, dishwashers, microwaves, entertainment center, etc.<\/p>\n<p class=\"textogrande\" style=\"text-align: center;\">Monophasic <\/p>\n<p class=\"textogrande\" style=\"text-align: center;\">1.8 and 3 KVA \/ 120\/127 VAC<\/p>\n<\/div>\n<\/div><\/div><\/div><div id=\"pgc-1741-3-1\"  class=\"panel-grid-cell\" ><div id=\"panel-1741-3-1-0\" class=\"so-panel widget widget_sow-image panel-first-child\" data-index=\"7\" ><div\n\t\t\t\n\t\t\tclass=\"so-widget-sow-image so-widget-sow-image-default-c67d20f9f743-1741\"\n\t\t\t\n\t\t>\n\n<div class=\"sow-image-container\">\n\t\t<img loading=\"lazy\" decoding=\"async\" src=\"https:\/\/www.internationaltrading.com.mx\/wp-content\/uploads\/2020\/08\/REG2-300x300.png\" width=\"300\" height=\"300\" srcset=\"https:\/\/www.internationaltrading.com.mx\/wp-content\/uploads\/2020\/08\/REG2-300x300.png 300w, https:\/\/www.internationaltrading.com.mx\/wp-content\/uploads\/2020\/08\/REG2-150x150.png 150w, https:\/\/www.internationaltrading.com.mx\/wp-content\/uploads\/2020\/08\/REG2.png 500w\" sizes=\"auto, (max-width: 300px) 100vw, 300px\" title=\"REGULADOR DE VOLTAJE\" alt=\"\" \t\tclass=\"so-widget-image\"\/>\n\t<\/div>\n\n<\/div><\/div><div id=\"panel-1741-3-1-1\" class=\"so-panel widget widget_sow-editor panel-last-child\" data-index=\"8\" ><div\n\t\t\t\n\t\t\tclass=\"so-widget-sow-editor so-widget-sow-editor-base\"\n\t\t\t\n\t\t>\n<div class=\"siteorigin-widget-tinymce textwidget\">\n\t<p class=\"textogrande\" style=\"text-align: center; color: #1e73be;\"><strong>MANUAL VOLTAGE CORRECTOR<\/strong><\/p>\n<p class=\"textogrande\" style=\"text-align: center;\">Rural Zones or cities with constant low\/high voltage conditions.<\/p>\n<p class=\"textogrande\" style=\"text-align: center;\">Monophasic<\/p>\n<p style=\"text-align: center;\">3 and 5 KVA \/ 120\/127 VAC or 210\/240 VAC<\/p>\n<\/div>\n<\/div><\/div><\/div><div id=\"pgc-1741-3-2\"  class=\"panel-grid-cell\" ><div id=\"panel-1741-3-2-0\" class=\"so-panel widget widget_sow-image panel-first-child\" data-index=\"9\" ><div\n\t\t\t\n\t\t\tclass=\"so-widget-sow-image so-widget-sow-image-default-c67d20f9f743-1741\"\n\t\t\t\n\t\t>\n\n<div class=\"sow-image-container\">\n\t\t<img loading=\"lazy\" decoding=\"async\" src=\"https:\/\/www.internationaltrading.com.mx\/wp-content\/uploads\/2020\/08\/REG3-300x300.png\" width=\"300\" height=\"300\" srcset=\"https:\/\/www.internationaltrading.com.mx\/wp-content\/uploads\/2020\/08\/REG3-300x300.png 300w, https:\/\/www.internationaltrading.com.mx\/wp-content\/uploads\/2020\/08\/REG3-150x150.png 150w, https:\/\/www.internationaltrading.com.mx\/wp-content\/uploads\/2020\/08\/REG3.png 500w\" sizes=\"auto, (max-width: 300px) 100vw, 300px\" title=\"REGULADOR DE VOLTAJE\" alt=\"\" \t\tclass=\"so-widget-image\"\/>\n\t<\/div>\n\n<\/div><\/div><div id=\"panel-1741-3-2-1\" class=\"so-panel widget widget_sow-editor panel-last-child\" data-index=\"10\" ><div\n\t\t\t\n\t\t\tclass=\"so-widget-sow-editor so-widget-sow-editor-base\"\n\t\t\t\n\t\t>\n<div class=\"siteorigin-widget-tinymce textwidget\">\n\t<p class=\"textogrande\" style=\"text-align: center; color: #1e73be;\"><strong>MEDICAL GRADE<\/strong><\/p>\n<p style=\"text-align: center;\">Beauty and Health clinics, dental consulting room, gynecology and diagnostic centers or hospitals.<\/p>\n<p class=\"textogrande\" style=\"text-align: center;\">Monophasic<\/p>\n<p style=\"text-align: center;\">3 KVA\/120 VAC and 220 VAC<\/p>\n<\/div>\n<\/div><\/div><\/div><\/div><\/div><div id=\"pg-1741-4\"  class=\"panel-grid panel-has-style\" ><div class=\"siteorigin-panels-stretch panel-row-style panel-row-style-for-1741-4\" data-stretch-type=\"full\" ><div id=\"pgc-1741-4-0\"  class=\"panel-grid-cell\" ><div id=\"panel-1741-4-0-0\" class=\"so-panel widget widget_sow-image panel-first-child\" data-index=\"11\" ><div\n\t\t\t\n\t\t\tclass=\"so-widget-sow-image so-widget-sow-image-default-c67d20f9f743-1741\"\n\t\t\t\n\t\t>\n\n<div class=\"sow-image-container\">\n\t\t<img loading=\"lazy\" decoding=\"async\" src=\"https:\/\/www.internationaltrading.com.mx\/wp-content\/uploads\/2020\/08\/REG4-300x300.png\" width=\"300\" height=\"300\" srcset=\"https:\/\/www.internationaltrading.com.mx\/wp-content\/uploads\/2020\/08\/REG4-300x300.png 300w, https:\/\/www.internationaltrading.com.mx\/wp-content\/uploads\/2020\/08\/REG4-150x150.png 150w, https:\/\/www.internationaltrading.com.mx\/wp-content\/uploads\/2020\/08\/REG4.png 500w\" sizes=\"auto, (max-width: 300px) 100vw, 300px\" title=\"REGULADOR DE VOLTAJE\" alt=\"\" \t\tclass=\"so-widget-image\"\/>\n\t<\/div>\n\n<\/div><\/div><div id=\"panel-1741-4-0-1\" class=\"so-panel widget widget_sow-editor panel-last-child\" data-index=\"12\" ><div\n\t\t\t\n\t\t\tclass=\"so-widget-sow-editor so-widget-sow-editor-base\"\n\t\t\t\n\t\t>\n<div class=\"siteorigin-widget-tinymce textwidget\">\n\t<p class=\"textogrande\" style=\"text-align: center; color: #1e73be;\"><strong>SOHO<\/strong><\/p>\n<p style=\"text-align: center;\">Small shops, restaurants, home and telecom.<\/p>\n<p class=\"textogrande\" style=\"text-align: center;\">Monophasic<\/p>\n<p style=\"text-align: center;\">1.5 to 15 KVA\/120 VAC and 220 VAC<\/p>\n<\/div>\n<\/div><\/div><\/div><div id=\"pgc-1741-4-1\"  class=\"panel-grid-cell\" ><div id=\"panel-1741-4-1-0\" class=\"so-panel widget widget_sow-image panel-first-child\" data-index=\"13\" ><div\n\t\t\t\n\t\t\tclass=\"so-widget-sow-image so-widget-sow-image-default-c67d20f9f743-1741\"\n\t\t\t\n\t\t>\n\n<div class=\"sow-image-container\">\n\t\t<img loading=\"lazy\" decoding=\"async\" src=\"https:\/\/www.internationaltrading.com.mx\/wp-content\/uploads\/2020\/08\/REG5-300x300.png\" width=\"300\" height=\"300\" srcset=\"https:\/\/www.internationaltrading.com.mx\/wp-content\/uploads\/2020\/08\/REG5-300x300.png 300w, https:\/\/www.internationaltrading.com.mx\/wp-content\/uploads\/2020\/08\/REG5-150x150.png 150w, https:\/\/www.internationaltrading.com.mx\/wp-content\/uploads\/2020\/08\/REG5.png 500w\" sizes=\"auto, (max-width: 300px) 100vw, 300px\" title=\"REGULADOR DE VOLTAJE\" alt=\"\" \t\tclass=\"so-widget-image\"\/>\n\t<\/div>\n\n<\/div><\/div><div id=\"panel-1741-4-1-1\" class=\"so-panel widget widget_sow-editor panel-last-child\" data-index=\"14\" ><div\n\t\t\t\n\t\t\tclass=\"so-widget-sow-editor so-widget-sow-editor-base\"\n\t\t\t\n\t\t>\n<div class=\"siteorigin-widget-tinymce textwidget\">\n\t<p class=\"textogrande\" style=\"text-align: center; color: #1e73be;\"><strong>COMMERCIAL<\/strong><\/p>\n<p style=\"text-align: center;\">Heavy duty, Industrial, Commerce, Individual machinery or Electric systems.<\/p>\n<p style=\"text-align: center;\">Biphasic: 6,10 and 20 KVA\/ 120\/208 VAC +\/-20%<\/p>\n<p style=\"text-align: center;\">Triphasic: 10, 15, 20, 25, 30 KVA\/ 120\/208 VAC +\/-20%<\/p>\n<\/div>\n<\/div><\/div><\/div><div id=\"pgc-1741-4-2\"  class=\"panel-grid-cell\" ><div id=\"panel-1741-4-2-0\" class=\"so-panel widget widget_sow-image panel-first-child\" data-index=\"15\" ><div\n\t\t\t\n\t\t\tclass=\"so-widget-sow-image so-widget-sow-image-default-c67d20f9f743-1741\"\n\t\t\t\n\t\t>\n\n<div class=\"sow-image-container\">\n\t\t<img loading=\"lazy\" decoding=\"async\" src=\"https:\/\/www.internationaltrading.com.mx\/wp-content\/uploads\/2020\/08\/REG6-300x300.png\" width=\"300\" height=\"300\" srcset=\"https:\/\/www.internationaltrading.com.mx\/wp-content\/uploads\/2020\/08\/REG6-300x300.png 300w, https:\/\/www.internationaltrading.com.mx\/wp-content\/uploads\/2020\/08\/REG6-150x150.png 150w, https:\/\/www.internationaltrading.com.mx\/wp-content\/uploads\/2020\/08\/REG6.png 500w\" sizes=\"auto, (max-width: 300px) 100vw, 300px\" title=\"REGULADOR DE VOLTAJE\" alt=\"\" \t\tclass=\"so-widget-image\"\/>\n\t<\/div>\n\n<\/div><\/div><div id=\"panel-1741-4-2-1\" class=\"so-panel widget widget_sow-editor panel-last-child\" data-index=\"16\" ><div\n\t\t\t\n\t\t\tclass=\"so-widget-sow-editor so-widget-sow-editor-base\"\n\t\t\t\n\t\t>\n<div class=\"siteorigin-widget-tinymce textwidget\">\n\t<p class=\"textogrande\" style=\"text-align: center; color: #1e73be;\"><strong>INDUSTRIAL GRADE<\/strong><\/p>\n<p style=\"text-align: center;\">Petrochemestry, Minning, Production Lines, Commerce, Data centers, Substations, Production process plants, Hospitals, Security and equipment alarms, Military industry, Nuclear centrals.<\/p>\n<p style=\"text-align: center;\">Triphasic<\/p>\n<p style=\"text-align: center;\">220 VAC: 30 to 500 KVA<\/p>\n<p style=\"text-align: center;\">380\/440 and 480 VAC: 50 to 1000 KVA<\/p>\n<\/div>\n<\/div><\/div><\/div><\/div><\/div><div id=\"pg-1741-5\"  class=\"panel-grid panel-no-style\" ><div id=\"pgc-1741-5-0\"  class=\"panel-grid-cell\" ><div id=\"panel-1741-5-0-0\" class=\"so-panel widget widget_sow-headline panel-first-child panel-last-child\" data-index=\"17\" ><div\n\t\t\t\n\t\t\tclass=\"so-widget-sow-headline so-widget-sow-headline-default-a1723d1de5a8-1741 so-widget-fittext-wrapper\"\n\t\t\t data-fit-text-compressor=\"0\"\n\t\t><div class=\"sow-headline-container\">\n\t\t\t\t\t\t\t<h1 class=\"sow-headline\">\n\t\t\t\t\t\tRELATED PRODUCTS\t\t\t\t\t\t<\/h1>\n\t\t\t\t\t\t\t\t\t\t\t<div class=\"decoration\">\n\t\t\t\t\t\t<div class=\"decoration-inside\"><\/div>\n\t\t\t\t\t<\/div>\n\t\t\t\t\t<\/div>\n<\/div><\/div><\/div><\/div><div id=\"pg-1741-6\"  class=\"panel-grid panel-no-style\" ><div id=\"pgc-1741-6-0\"  class=\"panel-grid-cell\" ><div id=\"panel-1741-6-0-0\" class=\"so-panel widget widget_sow-image panel-first-child panel-last-child\" data-index=\"18\" ><div class=\"panel-widget-style panel-widget-style-for-1741-6-0-0\" ><div\n\t\t\t\n\t\t\tclass=\"so-widget-sow-image so-widget-sow-image-default-c67d20f9f743-1741\"\n\t\t\t\n\t\t>\n\n<div class=\"sow-image-container\">\n\t\t\t<a href=\"https:\/\/www.internationaltrading.com.mx\/en\/ups\/\"\n\t\t\t\t\t>\n\t\t\t<img loading=\"lazy\" decoding=\"async\" src=\"https:\/\/www.internationaltrading.com.mx\/wp-content\/uploads\/2020\/08\/UPS-300x300.png\" width=\"300\" height=\"300\" srcset=\"https:\/\/www.internationaltrading.com.mx\/wp-content\/uploads\/2020\/08\/UPS-300x300.png 300w, https:\/\/www.internationaltrading.com.mx\/wp-content\/uploads\/2020\/08\/UPS-150x150.png 150w, https:\/\/www.internationaltrading.com.mx\/wp-content\/uploads\/2020\/08\/UPS.png 500w\" sizes=\"auto, (max-width: 300px) 100vw, 300px\" title=\"UPS\" alt=\"\" \t\tclass=\"so-widget-image\"\/>\n\t<\/a><\/div>\n\n<\/div><\/div><\/div><\/div><div id=\"pgc-1741-6-1\"  class=\"panel-grid-cell\" ><div id=\"panel-1741-6-1-0\" class=\"so-panel widget widget_sow-image panel-first-child panel-last-child\" data-index=\"19\" ><div class=\"panel-widget-style panel-widget-style-for-1741-6-1-0\" ><div\n\t\t\t\n\t\t\tclass=\"so-widget-sow-image so-widget-sow-image-default-c67d20f9f743-1741\"\n\t\t\t\n\t\t>\n\n<div class=\"sow-image-container\">\n\t\t\t<a href=\"https:\/\/www.internationaltrading.com.mx\/en\/gabinetes-racks-y-accesorios-hoffman\/\"\n\t\t\t\t\t>\n\t\t\t<img loading=\"lazy\" decoding=\"async\" src=\"http:\/\/www.internationaltrading.com.mx\/wp-content\/uploads\/2020\/08\/ACCESORIES-ENG.jpg\" width=\"300\" height=\"300\" srcset=\"https:\/\/www.internationaltrading.com.mx\/wp-content\/uploads\/2020\/08\/ACCESORIES-ENG.jpg 500w, https:\/\/www.internationaltrading.com.mx\/wp-content\/uploads\/2020\/08\/ACCESORIES-ENG-300x300.jpg 300w, https:\/\/www.internationaltrading.com.mx\/wp-content\/uploads\/2020\/08\/ACCESORIES-ENG-150x150.jpg 150w\" sizes=\"auto, (max-width: 300px) 100vw, 300px\" title=\"GABINETES\" alt=\"\" \t\tclass=\"so-widget-image\"\/>\n\t<\/a><\/div>\n\n<\/div><\/div><\/div><\/div><div id=\"pgc-1741-6-2\"  class=\"panel-grid-cell panel-grid-cell-empty panel-grid-cell-mobile-last\" ><\/div><div id=\"pgc-1741-6-3\"  class=\"panel-grid-cell panel-grid-cell-empty\" ><\/div><\/div><div id=\"pg-1741-7\"  class=\"panel-grid panel-no-style\" ><div id=\"pgc-1741-7-0\"  class=\"panel-grid-cell\" ><div id=\"panel-1741-7-0-0\" class=\"so-panel widget widget_sow-headline panel-first-child panel-last-child\" data-index=\"20\" ><div\n\t\t\t\n\t\t\tclass=\"so-widget-sow-headline so-widget-sow-headline-default-a1723d1de5a8-1741 so-widget-fittext-wrapper\"\n\t\t\t data-fit-text-compressor=\"0\"\n\t\t><div class=\"sow-headline-container\">\n\t\t\t\t\t\t\t<h1 class=\"sow-headline\">\n\t\t\t\t\t\tRELATED SERVICES\t\t\t\t\t\t<\/h1>\n\t\t\t\t\t\t\t\t\t\t\t<div class=\"decoration\">\n\t\t\t\t\t\t<div class=\"decoration-inside\"><\/div>\n\t\t\t\t\t<\/div>\n\t\t\t\t\t<\/div>\n<\/div><\/div><\/div><\/div><div id=\"pg-1741-8\"  class=\"panel-grid panel-no-style\" ><div id=\"pgc-1741-8-0\"  class=\"panel-grid-cell\" ><div id=\"panel-1741-8-0-0\" class=\"so-panel widget widget_sow-image panel-first-child panel-last-child\" data-index=\"21\" ><div class=\"panel-widget-style panel-widget-style-for-1741-8-0-0\" ><div\n\t\t\t\n\t\t\tclass=\"so-widget-sow-image so-widget-sow-image-default-c67d20f9f743-1741\"\n\t\t\t\n\t\t>\n\n<div class=\"sow-image-container\">\n\t\t\t<a href=\"https:\/\/www.internationaltrading.com.mx\/en\/ingenieria-y-diseno-de-proyectos\/\"\n\t\t\t\t\t>\n\t\t\t<img loading=\"lazy\" decoding=\"async\" src=\"http:\/\/www.internationaltrading.com.mx\/wp-content\/uploads\/2020\/10\/ACCESORIES-ENG_28.jpg\" width=\"300\" height=\"300\" srcset=\"https:\/\/www.internationaltrading.com.mx\/wp-content\/uploads\/2020\/10\/ACCESORIES-ENG_28.jpg 500w, https:\/\/www.internationaltrading.com.mx\/wp-content\/uploads\/2020\/10\/ACCESORIES-ENG_28-300x300.jpg 300w, https:\/\/www.internationaltrading.com.mx\/wp-content\/uploads\/2020\/10\/ACCESORIES-ENG_28-150x150.jpg 150w\" sizes=\"auto, (max-width: 300px) 100vw, 300px\" title=\"INGENIERIA Y DISE\u00d1O DE PROYECTOS\" alt=\"\" \t\tclass=\"so-widget-image\"\/>\n\t<\/a><\/div>\n\n<\/div><\/div><\/div><\/div><div id=\"pgc-1741-8-1\"  class=\"panel-grid-cell panel-grid-cell-empty panel-grid-cell-mobile-last\" ><\/div><div id=\"pgc-1741-8-2\"  class=\"panel-grid-cell panel-grid-cell-empty\" ><\/div><\/div><\/div>","protected":false},"excerpt":{"rendered":"<p>Son dispositivos que corrigen las variaciones de voltaje de manera autom\u00e1tica y que se encargan de mantener el voltaje constante independientemente de las variaciones en la l\u00ednea y en la carga. Protegen a equipos electr\u00f3nicos, sistemas sensibles o maquinar\u00edas que<\/p>","protected":false},"author":2,"featured_media":0,"parent":0,"menu_order":2,"comment_status":"closed","ping_status":"closed","template":"","meta":{"_monsterinsights_skip_tracking":false,"_monsterinsights_sitenote_active":false,"_monsterinsights_sitenote_note":"","_monsterinsights_sitenote_category":0,"footnotes":""},"class_list":["post-1741","page","type-page","status-publish","hentry"],"_links":{"self":[{"href":"https:\/\/www.internationaltrading.com.mx\/en\/wp-json\/wp\/v2\/pages\/1741","targetHints":{"allow":["GET"]}}],"collection":[{"href":"https:\/\/www.internationaltrading.com.mx\/en\/wp-json\/wp\/v2\/pages"}],"about":[{"href":"https:\/\/www.internationaltrading.com.mx\/en\/wp-json\/wp\/v2\/types\/page"}],"author":[{"embeddable":true,"href":"https:\/\/www.internationaltrading.com.mx\/en\/wp-json\/wp\/v2\/users\/2"}],"replies":[{"embeddable":true,"href":"https:\/\/www.internationaltrading.com.mx\/en\/wp-json\/wp\/v2\/comments?post=1741"}],"version-history":[{"count":12,"href":"https:\/\/www.internationaltrading.com.mx\/en\/wp-json\/wp\/v2\/pages\/1741\/revisions"}],"predecessor-version":[{"id":2379,"href":"https:\/\/www.internationaltrading.com.mx\/en\/wp-json\/wp\/v2\/pages\/1741\/revisions\/2379"}],"wp:attachment":[{"href":"https:\/\/www.internationaltrading.com.mx\/en\/wp-json\/wp\/v2\/media?parent=1741"}],"curies":[{"name":"wp","href":"https:\/\/api.w.org\/{rel}","templated":true}]}}