{"id":1752,"date":"2020-08-03T02:13:22","date_gmt":"2020-08-03T07:13:22","guid":{"rendered":"http:\/\/www.internationaltrading.com.mx\/?page_id=1752"},"modified":"2023-01-18T19:51:45","modified_gmt":"2023-01-19T01:51:45","slug":"it-box","status":"publish","type":"page","link":"https:\/\/www.internationaltrading.com.mx\/en\/it-box\/","title":{"rendered":"IT Box"},"content":{"rendered":"<div id=\"pl-1752\"  class=\"panel-layout\" ><div id=\"pg-1752-0\"  class=\"panel-grid panel-has-style\" ><div class=\"siteorigin-panels-stretch panel-row-style panel-row-style-for-1752-0\" data-stretch-type=\"full-stretched\" ><div id=\"pgc-1752-0-0\"  class=\"panel-grid-cell\" ><div id=\"panel-1752-0-0-0\" class=\"so-panel widget widget_sow-hero panel-first-child panel-last-child\" data-index=\"0\" ><div class=\"panel-widget-style panel-widget-style-for-1752-0-0-0\" ><div\n\t\t\t\n\t\t\tclass=\"so-widget-sow-hero so-widget-sow-hero-default-e751aa66ceca-1752 so-widget-fittext-wrapper\"\n\t\t\t\n\t\t>\t\t\t\t<div class=\"sow-slider-base\" style=\"display: none\" tabindex=\"0\">\n\t\t\t\t\t<ul\n\t\t\t\t\tclass=\"sow-slider-images\"\n\t\t\t\t\tdata-settings=\"{&quot;pagination&quot;:true,&quot;speed&quot;:1000,&quot;timeout&quot;:8000,&quot;paused&quot;:false,&quot;pause_on_hover&quot;:false,&quot;swipe&quot;:true,&quot;nav_always_show_desktop&quot;:&quot;&quot;,&quot;nav_always_show_mobile&quot;:&quot;&quot;,&quot;breakpoint&quot;:&quot;780px&quot;,&quot;unmute&quot;:false,&quot;anchor&quot;:null}\"\n\t\t\t\t\t\t\t\t\t\tdata-anchor-id=\"\"\n\t\t\t\t>\t\t<li class=\"sow-slider-image  sow-slider-image-cover\" style=\"visibility: visible;;background-color: #222222\" >\n\t\t\t\t\t<div class=\"sow-slider-image-container\">\n\t\t\t<div class=\"sow-slider-image-wrapper\">\n\t\t\t\t<h1 style=\"text-align: center\"><strong>PRODUCTS<\/strong><\/h1>\n<h6 style=\"text-align: center;color: white\"><strong>IT BOX<\/strong><\/h6>\t\t\t<\/div>\n\t\t<\/div>\n\t\t<div class=\"sow-slider-image-overlay sow-slider-image-cover\" style=\"opacity: 0.6;background-image: url(https:\/\/www.internationaltrading.com.mx\/wp-content\/uploads\/2020\/08\/PRODUCTS-IT-BOX.jpg)\"  ><\/div>\t\t<\/li>\n\t\t<\/ul>\t\t\t\t<ol class=\"sow-slider-pagination\">\n\t\t\t\t\t\t\t\t\t\t\t<li><a href=\"#\" data-goto=\"0\" aria-label=\"display slide 1\"><\/a><\/li>\n\t\t\t\t\t\t\t\t\t<\/ol>\n\n\t\t\t\t<div class=\"sow-slide-nav sow-slide-nav-next\">\n\t\t\t\t\t<a href=\"#\" data-goto=\"next\" aria-label=\"next slide\" data-action=\"next\">\n\t\t\t\t\t\t<em class=\"sow-sld-icon-thin-right\"><\/em>\n\t\t\t\t\t<\/a>\n\t\t\t\t<\/div>\n\n\t\t\t\t<div class=\"sow-slide-nav sow-slide-nav-prev\">\n\t\t\t\t\t<a href=\"#\" data-goto=\"previous\" aria-label=\"previous slide\" data-action=\"prev\">\n\t\t\t\t\t\t<em class=\"sow-sld-icon-thin-left\"><\/em>\n\t\t\t\t\t<\/a>\n\t\t\t\t<\/div>\n\t\t\t\t<\/div><\/div><\/div><\/div><\/div><\/div><\/div><div id=\"pg-1752-1\"  class=\"panel-grid panel-has-style\" ><div class=\"siteorigin-panels-stretch panel-row-style panel-row-style-for-1752-1\" data-stretch-type=\"full\" ><div id=\"pgc-1752-1-0\"  class=\"panel-grid-cell\" ><div id=\"panel-1752-1-0-0\" class=\"so-panel widget widget_sow-headline panel-first-child\" data-index=\"1\" ><div\n\t\t\t\n\t\t\tclass=\"so-widget-sow-headline so-widget-sow-headline-default-fa93d44eecf1-1752 so-widget-fittext-wrapper\"\n\t\t\t data-fit-text-compressor=\"0\"\n\t\t><div class=\"sow-headline-container\">\n\t\t\t\t\t\t\t<h1 class=\"sow-headline\">\n\t\t\t\t\t\tWHAT IS AN IT BOX?\t\t\t\t\t\t<\/h1>\n\t\t\t\t\t\t\t\t\t\t\t<div class=\"decoration\">\n\t\t\t\t\t\t<div class=\"decoration-inside\"><\/div>\n\t\t\t\t\t<\/div>\n\t\t\t\t\t<\/div>\n<\/div><\/div><div id=\"panel-1752-1-0-1\" class=\"so-panel widget widget_sow-editor panel-last-child\" data-index=\"2\" ><div\n\t\t\t\n\t\t\tclass=\"so-widget-sow-editor so-widget-sow-editor-base\"\n\t\t\t\n\t\t>\n<div class=\"siteorigin-widget-tinymce textwidget\">\n\t<p class=\"textogrande\" style=\"text-align: justify;\">It is a compact data center that provides the requires infrastructure for critical mission computer systems.<\/p>\n<p class=\"textogrande\" style=\"text-align: justify;\">An It Box is a scalable solution, modular and highly efficient to ensure the availability of informatic process.<\/p>\n<\/div>\n<\/div><\/div><\/div><\/div><\/div><div id=\"pg-1752-2\"  class=\"panel-grid panel-has-style\" ><div class=\"siteorigin-panels-stretch panel-row-style panel-row-style-for-1752-2\" data-stretch-type=\"full\" ><div id=\"pgc-1752-2-0\"  class=\"panel-grid-cell\" ><div id=\"panel-1752-2-0-0\" class=\"so-panel widget widget_sow-editor panel-first-child\" data-index=\"3\" ><div\n\t\t\t\n\t\t\tclass=\"so-widget-sow-editor so-widget-sow-editor-base\"\n\t\t\t\n\t\t>\n<div class=\"siteorigin-widget-tinymce textwidget\">\n\t<p class=\"textogrande\" style=\"text-align: center; color: #1e73be\"><strong>We handle the brand<\/strong><\/p>\n<\/div>\n<\/div><\/div><div id=\"panel-1752-2-0-1\" class=\"so-panel widget widget_sow-image\" data-index=\"4\" ><div\n\t\t\t\n\t\t\tclass=\"so-widget-sow-image so-widget-sow-image-default-c67d20f9f743-1752\"\n\t\t\t\n\t\t>\n\n<div class=\"sow-image-container\">\n\t\t<img loading=\"lazy\" decoding=\"async\" src=\"https:\/\/www.internationaltrading.com.mx\/wp-content\/uploads\/2020\/08\/POWER-ALL-logo.png\" width=\"400\" height=\"150\" srcset=\"https:\/\/www.internationaltrading.com.mx\/wp-content\/uploads\/2020\/08\/POWER-ALL-logo.png 400w, https:\/\/www.internationaltrading.com.mx\/wp-content\/uploads\/2020\/08\/POWER-ALL-logo-300x113.png 300w\" sizes=\"auto, (max-width: 400px) 100vw, 400px\" title=\"POWER ALL\" alt=\"\" \t\tclass=\"so-widget-image\"\/>\n\t<\/div>\n\n<\/div><\/div><div id=\"panel-1752-2-0-2\" class=\"so-panel widget widget_sow-editor panel-last-child\" data-index=\"5\" ><div\n\t\t\t\n\t\t\tclass=\"so-widget-sow-editor so-widget-sow-editor-base\"\n\t\t\t\n\t\t>\n<div class=\"siteorigin-widget-tinymce textwidget\">\n\t<p class=\"textogrande\" style=\"text-align: center;\">\u2022 Its components are:<\/p>\n<p class=\"textogrande\" style=\"text-align: center;\">\u2022 Racks<\/p>\n<p class=\"textogrande\" style=\"text-align: center;\">\u2022 UPS<\/p>\n<p class=\"textogrande\" style=\"text-align: center;\">\u2022 Precision Conditioning air<\/p>\n<p class=\"textogrande\" style=\"text-align: center;\">\u2022 Monitory<\/p>\n<p class=\"textogrande\" style=\"text-align: center;\">\u2022 Energy Distribution<\/p>\n<p class=\"textogrande\" style=\"text-align: center;\">\u2022 Security<\/p>\n<p class=\"textogrande\" style=\"text-align: center;\">\u2022 Emergency ventilation<\/p>\n<\/div>\n<\/div><\/div><\/div><\/div><\/div><div id=\"pg-1752-3\"  class=\"panel-grid panel-has-style\" ><div class=\"siteorigin-panels-stretch panel-row-style panel-row-style-for-1752-3\" data-stretch-type=\"full\" ><div id=\"pgc-1752-3-0\"  class=\"panel-grid-cell\" ><div id=\"panel-1752-3-0-0\" class=\"so-panel widget widget_sow-image panel-first-child\" data-index=\"6\" ><div\n\t\t\t\n\t\t\tclass=\"so-widget-sow-image so-widget-sow-image-default-c67d20f9f743-1752\"\n\t\t\t\n\t\t>\n\n<div class=\"sow-image-container\">\n\t\t<img loading=\"lazy\" decoding=\"async\" src=\"http:\/\/www.internationaltrading.com.mx\/wp-content\/uploads\/2020\/10\/IT-BOX-2_ENG.jpg\" width=\"1130\" height=\"880\" srcset=\"https:\/\/www.internationaltrading.com.mx\/wp-content\/uploads\/2020\/10\/IT-BOX-2_ENG.jpg 1005w, https:\/\/www.internationaltrading.com.mx\/wp-content\/uploads\/2020\/10\/IT-BOX-2_ENG-300x222.jpg 300w, https:\/\/www.internationaltrading.com.mx\/wp-content\/uploads\/2020\/10\/IT-BOX-2_ENG-768x569.jpg 768w\" sizes=\"auto, (max-width: 1130px) 100vw, 1130px\" title=\"IT BOX\" alt=\"\" \t\tclass=\"so-widget-image\"\/>\n\t<\/div>\n\n<\/div><\/div><div id=\"panel-1752-3-0-1\" class=\"so-panel widget widget_sow-image panel-last-child\" data-index=\"7\" ><div\n\t\t\t\n\t\t\tclass=\"so-widget-sow-image so-widget-sow-image-default-c67d20f9f743-1752\"\n\t\t\t\n\t\t>\n\n<div class=\"sow-image-container\">\n\t\t<img loading=\"lazy\" decoding=\"async\" src=\"http:\/\/www.internationaltrading.com.mx\/wp-content\/uploads\/2020\/10\/IT-BOX-2_ENG.jpg\" width=\"1005\" height=\"744\" srcset=\"https:\/\/www.internationaltrading.com.mx\/wp-content\/uploads\/2020\/10\/IT-BOX-2_ENG.jpg 1005w, https:\/\/www.internationaltrading.com.mx\/wp-content\/uploads\/2020\/10\/IT-BOX-2_ENG-300x222.jpg 300w, https:\/\/www.internationaltrading.com.mx\/wp-content\/uploads\/2020\/10\/IT-BOX-2_ENG-768x569.jpg 768w\" sizes=\"auto, (max-width: 1005px) 100vw, 1005px\" title=\"IT BOX\" alt=\"\" \t\tclass=\"so-widget-image\"\/>\n\t<\/div>\n\n<\/div><\/div><\/div><\/div><\/div><div id=\"pg-1752-4\"  class=\"panel-grid panel-no-style\" ><div id=\"pgc-1752-4-0\"  class=\"panel-grid-cell\" ><div id=\"panel-1752-4-0-0\" class=\"so-panel widget widget_sow-headline panel-first-child panel-last-child\" data-index=\"8\" ><div\n\t\t\t\n\t\t\tclass=\"so-widget-sow-headline so-widget-sow-headline-default-a1723d1de5a8-1752 so-widget-fittext-wrapper\"\n\t\t\t data-fit-text-compressor=\"0\"\n\t\t><div class=\"sow-headline-container\">\n\t\t\t\t\t\t\t<h1 class=\"sow-headline\">\n\t\t\t\t\t\tRELATED PRODUCTS\t\t\t\t\t\t<\/h1>\n\t\t\t\t\t\t\t\t\t\t\t<div class=\"decoration\">\n\t\t\t\t\t\t<div class=\"decoration-inside\"><\/div>\n\t\t\t\t\t<\/div>\n\t\t\t\t\t<\/div>\n<\/div><\/div><\/div><\/div><div id=\"pg-1752-5\"  class=\"panel-grid panel-no-style\" ><div id=\"pgc-1752-5-0\"  class=\"panel-grid-cell\" ><div id=\"panel-1752-5-0-0\" class=\"so-panel widget widget_sow-image panel-first-child panel-last-child\" data-index=\"9\" ><div class=\"panel-widget-style panel-widget-style-for-1752-5-0-0\" ><div\n\t\t\t\n\t\t\tclass=\"so-widget-sow-image so-widget-sow-image-default-c67d20f9f743-1752\"\n\t\t\t\n\t\t>\n\n<div class=\"sow-image-container\">\n\t\t\t<a href=\"https:\/\/www.internationaltrading.com.mx\/en\/sistemas-de-puesta-a-tierra-terragauss\/\"\n\t\t\t\t\t>\n\t\t\t<img loading=\"lazy\" decoding=\"async\" src=\"http:\/\/www.internationaltrading.com.mx\/wp-content\/uploads\/2020\/08\/ACCESORIES-ENG_23.jpg\" width=\"300\" height=\"300\" srcset=\"https:\/\/www.internationaltrading.com.mx\/wp-content\/uploads\/2020\/08\/ACCESORIES-ENG_23.jpg 500w, https:\/\/www.internationaltrading.com.mx\/wp-content\/uploads\/2020\/08\/ACCESORIES-ENG_23-300x300.jpg 300w, https:\/\/www.internationaltrading.com.mx\/wp-content\/uploads\/2020\/08\/ACCESORIES-ENG_23-150x150.jpg 150w\" sizes=\"auto, (max-width: 300px) 100vw, 300px\" title=\"SISTEMA DE PUESTA A TIERRA\" alt=\"\" \t\tclass=\"so-widget-image\"\/>\n\t<\/a><\/div>\n\n<\/div><\/div><\/div><\/div><div id=\"pgc-1752-5-1\"  class=\"panel-grid-cell panel-grid-cell-empty\" ><\/div><div id=\"pgc-1752-5-2\"  class=\"panel-grid-cell panel-grid-cell-empty panel-grid-cell-mobile-last\" ><\/div><div id=\"pgc-1752-5-3\"  class=\"panel-grid-cell panel-grid-cell-empty\" ><\/div><\/div><div id=\"pg-1752-6\"  class=\"panel-grid panel-no-style\" ><div id=\"pgc-1752-6-0\"  class=\"panel-grid-cell\" ><div id=\"panel-1752-6-0-0\" class=\"so-panel widget widget_sow-headline panel-first-child panel-last-child\" data-index=\"10\" ><div\n\t\t\t\n\t\t\tclass=\"so-widget-sow-headline so-widget-sow-headline-default-a1723d1de5a8-1752 so-widget-fittext-wrapper\"\n\t\t\t data-fit-text-compressor=\"0\"\n\t\t><div class=\"sow-headline-container\">\n\t\t\t\t\t\t\t<h1 class=\"sow-headline\">\n\t\t\t\t\t\tRELATED SERVICES\t\t\t\t\t\t<\/h1>\n\t\t\t\t\t\t\t\t\t\t\t<div class=\"decoration\">\n\t\t\t\t\t\t<div class=\"decoration-inside\"><\/div>\n\t\t\t\t\t<\/div>\n\t\t\t\t\t<\/div>\n<\/div><\/div><\/div><\/div><div id=\"pg-1752-7\"  class=\"panel-grid panel-no-style\" ><div id=\"pgc-1752-7-0\"  class=\"panel-grid-cell\" ><div id=\"panel-1752-7-0-0\" class=\"so-panel widget widget_sow-image panel-first-child panel-last-child\" data-index=\"11\" ><div class=\"panel-widget-style panel-widget-style-for-1752-7-0-0\" ><div\n\t\t\t\n\t\t\tclass=\"so-widget-sow-image so-widget-sow-image-default-c67d20f9f743-1752\"\n\t\t\t\n\t\t>\n\n<div class=\"sow-image-container\">\n\t\t\t<a href=\"https:\/\/www.internationaltrading.com.mx\/en\/ingenieria-y-diseno-de-proyectos\/\"\n\t\t\t\t\t>\n\t\t\t<img loading=\"lazy\" decoding=\"async\" src=\"http:\/\/www.internationaltrading.com.mx\/wp-content\/uploads\/2020\/10\/ACCESORIES-ENG_28.jpg\" width=\"300\" height=\"300\" srcset=\"https:\/\/www.internationaltrading.com.mx\/wp-content\/uploads\/2020\/10\/ACCESORIES-ENG_28.jpg 500w, https:\/\/www.internationaltrading.com.mx\/wp-content\/uploads\/2020\/10\/ACCESORIES-ENG_28-300x300.jpg 300w, https:\/\/www.internationaltrading.com.mx\/wp-content\/uploads\/2020\/10\/ACCESORIES-ENG_28-150x150.jpg 150w\" sizes=\"auto, (max-width: 300px) 100vw, 300px\" title=\"INGENIERIA Y DISE\u00d1O DE PROYECTOS\" alt=\"\" \t\tclass=\"so-widget-image\"\/>\n\t<\/a><\/div>\n\n<\/div><\/div><\/div><\/div><div id=\"pgc-1752-7-1\"  class=\"panel-grid-cell\" ><div id=\"panel-1752-7-1-0\" class=\"so-panel widget widget_sow-image panel-first-child panel-last-child\" data-index=\"12\" ><div class=\"panel-widget-style panel-widget-style-for-1752-7-1-0\" ><div\n\t\t\t\n\t\t\tclass=\"so-widget-sow-image so-widget-sow-image-default-c67d20f9f743-1752\"\n\t\t\t\n\t\t>\n\n<div class=\"sow-image-container\">\n\t\t\t<a href=\"https:\/\/www.internationaltrading.com.mx\/en\/instalacion\/\"\n\t\t\t\t\t>\n\t\t\t<img loading=\"lazy\" decoding=\"async\" src=\"http:\/\/www.internationaltrading.com.mx\/wp-content\/uploads\/2020\/08\/ACCESORIES-ENG_15.jpg\" width=\"300\" height=\"300\" srcset=\"https:\/\/www.internationaltrading.com.mx\/wp-content\/uploads\/2020\/08\/ACCESORIES-ENG_15.jpg 500w, https:\/\/www.internationaltrading.com.mx\/wp-content\/uploads\/2020\/08\/ACCESORIES-ENG_15-300x300.jpg 300w, https:\/\/www.internationaltrading.com.mx\/wp-content\/uploads\/2020\/08\/ACCESORIES-ENG_15-150x150.jpg 150w\" sizes=\"auto, (max-width: 300px) 100vw, 300px\" title=\"INSTALACI\u00d3N DE SISTEMA DE PUESTA A TIERRA\" alt=\"\" \t\tclass=\"so-widget-image\"\/>\n\t<\/a><\/div>\n\n<\/div><\/div><\/div><\/div><div id=\"pgc-1752-7-2\"  class=\"panel-grid-cell\" ><div id=\"panel-1752-7-2-0\" class=\"so-panel widget widget_sow-image panel-first-child panel-last-child\" data-index=\"13\" ><div class=\"panel-widget-style panel-widget-style-for-1752-7-2-0\" ><div\n\t\t\t\n\t\t\tclass=\"so-widget-sow-image so-widget-sow-image-default-c67d20f9f743-1752\"\n\t\t\t\n\t\t>\n\n<div class=\"sow-image-container\">\n\t\t\t<a href=\"https:\/\/www.internationaltrading.com.mx\/en\/estudio-de-medicion\/\"\n\t\t\t\t\t>\n\t\t\t<img loading=\"lazy\" decoding=\"async\" src=\"http:\/\/www.internationaltrading.com.mx\/wp-content\/uploads\/2020\/08\/ACCESORIES-ENG_14.jpg\" width=\"300\" height=\"300\" srcset=\"https:\/\/www.internationaltrading.com.mx\/wp-content\/uploads\/2020\/08\/ACCESORIES-ENG_14.jpg 500w, https:\/\/www.internationaltrading.com.mx\/wp-content\/uploads\/2020\/08\/ACCESORIES-ENG_14-300x300.jpg 300w, https:\/\/www.internationaltrading.com.mx\/wp-content\/uploads\/2020\/08\/ACCESORIES-ENG_14-150x150.jpg 150w\" sizes=\"auto, (max-width: 300px) 100vw, 300px\" title=\"MEASUREMENT STUDIES\" alt=\"\" \t\tclass=\"so-widget-image\"\/>\n\t<\/a><\/div>\n\n<\/div><\/div><\/div><\/div><\/div><\/div>","protected":false},"excerpt":{"rendered":"<p>Es un Centro de Datos compacto que brinda toda la infraestructura requerida para los sistemas de c\u00f3mputo de misi\u00f3n cr\u00edtica. Una soluci\u00f3n escalable, modular y altamente eficiente que asegura la disponibilidad de los procesos inform\u00e1ticos.<\/p>","protected":false},"author":2,"featured_media":0,"parent":0,"menu_order":2,"comment_status":"closed","ping_status":"closed","template":"","meta":{"_monsterinsights_skip_tracking":false,"_monsterinsights_sitenote_active":false,"_monsterinsights_sitenote_note":"","_monsterinsights_sitenote_category":0,"footnotes":""},"class_list":["post-1752","page","type-page","status-publish","hentry"],"_links":{"self":[{"href":"https:\/\/www.internationaltrading.com.mx\/en\/wp-json\/wp\/v2\/pages\/1752","targetHints":{"allow":["GET"]}}],"collection":[{"href":"https:\/\/www.internationaltrading.com.mx\/en\/wp-json\/wp\/v2\/pages"}],"about":[{"href":"https:\/\/www.internationaltrading.com.mx\/en\/wp-json\/wp\/v2\/types\/page"}],"author":[{"embeddable":true,"href":"https:\/\/www.internationaltrading.com.mx\/en\/wp-json\/wp\/v2\/users\/2"}],"replies":[{"embeddable":true,"href":"https:\/\/www.internationaltrading.com.mx\/en\/wp-json\/wp\/v2\/comments?post=1752"}],"version-history":[{"count":13,"href":"https:\/\/www.internationaltrading.com.mx\/en\/wp-json\/wp\/v2\/pages\/1752\/revisions"}],"predecessor-version":[{"id":2377,"href":"https:\/\/www.internationaltrading.com.mx\/en\/wp-json\/wp\/v2\/pages\/1752\/revisions\/2377"}],"wp:attachment":[{"href":"https:\/\/www.internationaltrading.com.mx\/en\/wp-json\/wp\/v2\/media?parent=1752"}],"curies":[{"name":"wp","href":"https:\/\/api.w.org\/{rel}","templated":true}]}}