{"id":1859,"date":"2020-08-03T08:42:14","date_gmt":"2020-08-03T13:42:14","guid":{"rendered":"http:\/\/www.internationaltrading.com.mx\/?page_id=1859"},"modified":"2023-01-18T20:44:42","modified_gmt":"2023-01-19T02:44:42","slug":"ingenieria-y-diseno-de-proyectos","status":"publish","type":"page","link":"https:\/\/www.internationaltrading.com.mx\/en\/ingenieria-y-diseno-de-proyectos\/","title":{"rendered":"Engineering and project design"},"content":{"rendered":"<div id=\"pl-1859\"  class=\"panel-layout\" ><div id=\"pg-1859-0\"  class=\"panel-grid panel-has-style\" ><div class=\"siteorigin-panels-stretch panel-row-style panel-row-style-for-1859-0\" data-stretch-type=\"full-stretched\" ><div id=\"pgc-1859-0-0\"  class=\"panel-grid-cell\" ><div id=\"panel-1859-0-0-0\" class=\"so-panel widget widget_sow-hero panel-first-child panel-last-child\" data-index=\"0\" ><div class=\"panel-widget-style panel-widget-style-for-1859-0-0-0\" ><div\n\t\t\t\n\t\t\tclass=\"so-widget-sow-hero so-widget-sow-hero-default-e751aa66ceca-1859 so-widget-fittext-wrapper\"\n\t\t\t\n\t\t>\t\t\t\t<div class=\"sow-slider-base\" style=\"display: none\" tabindex=\"0\">\n\t\t\t\t\t<ul\n\t\t\t\t\tclass=\"sow-slider-images\"\n\t\t\t\t\tdata-settings=\"{&quot;pagination&quot;:true,&quot;speed&quot;:1000,&quot;timeout&quot;:8000,&quot;paused&quot;:false,&quot;pause_on_hover&quot;:false,&quot;swipe&quot;:true,&quot;nav_always_show_desktop&quot;:&quot;&quot;,&quot;nav_always_show_mobile&quot;:&quot;&quot;,&quot;breakpoint&quot;:&quot;780px&quot;,&quot;unmute&quot;:false,&quot;anchor&quot;:null}\"\n\t\t\t\t\t\t\t\t\t\tdata-anchor-id=\"\"\n\t\t\t\t>\t\t<li class=\"sow-slider-image  sow-slider-image-cover\" style=\"visibility: visible;;background-color: #222222\" >\n\t\t\t\t\t<div class=\"sow-slider-image-container\">\n\t\t\t<div class=\"sow-slider-image-wrapper\">\n\t\t\t\t<h1 style=\"text-align: center\"><strong>SERVICES<\/strong><\/h1>\n<h6 style=\"text-align: center;color: white\"><strong>ENGINEERING AND PROJECTS DESIGN<\/strong><\/h6>\t\t\t<\/div>\n\t\t<\/div>\n\t\t<div class=\"sow-slider-image-overlay sow-slider-image-cover\" style=\"opacity: 0.6;background-image: url(https:\/\/www.internationaltrading.com.mx\/wp-content\/uploads\/2020\/08\/INGENIERIA-Y-DISE\u00d1O-DE-PROYECTOS.jpg)\"  ><\/div>\t\t<\/li>\n\t\t<\/ul>\t\t\t\t<ol class=\"sow-slider-pagination\">\n\t\t\t\t\t\t\t\t\t\t\t<li><a href=\"#\" data-goto=\"0\" aria-label=\"display slide 1\"><\/a><\/li>\n\t\t\t\t\t\t\t\t\t<\/ol>\n\n\t\t\t\t<div class=\"sow-slide-nav sow-slide-nav-next\">\n\t\t\t\t\t<a href=\"#\" data-goto=\"next\" aria-label=\"next slide\" data-action=\"next\">\n\t\t\t\t\t\t<em class=\"sow-sld-icon-thin-right\"><\/em>\n\t\t\t\t\t<\/a>\n\t\t\t\t<\/div>\n\n\t\t\t\t<div class=\"sow-slide-nav sow-slide-nav-prev\">\n\t\t\t\t\t<a href=\"#\" data-goto=\"previous\" aria-label=\"previous slide\" data-action=\"prev\">\n\t\t\t\t\t\t<em class=\"sow-sld-icon-thin-left\"><\/em>\n\t\t\t\t\t<\/a>\n\t\t\t\t<\/div>\n\t\t\t\t<\/div><\/div><\/div><\/div><\/div><\/div><\/div><div id=\"pg-1859-1\"  class=\"panel-grid panel-has-style\" ><div class=\"siteorigin-panels-stretch panel-row-style panel-row-style-for-1859-1\" data-stretch-type=\"full\" ><div id=\"pgc-1859-1-0\"  class=\"panel-grid-cell\" ><div id=\"panel-1859-1-0-0\" class=\"so-panel widget widget_sow-editor panel-first-child panel-last-child\" data-index=\"1\" ><div\n\t\t\t\n\t\t\tclass=\"so-widget-sow-editor so-widget-sow-editor-base\"\n\t\t\t\n\t\t>\n<div class=\"siteorigin-widget-tinymce textwidget\">\n\t<p>We have an engineering and design projects area formed by experienced professionals with knowledge in project development, focused in people, electrical and electronic equipment protection with our Terragauss grounding and lightning rod system, which meet with the <a href=\"http:\/\/www.internationaltrading.com.mx\/wp-content\/uploads\/2018\/08\/Normas_Estandares.pdf\" target=\"_blank\" rel=\"noopener\">Mexican and International Norms.<\/a>.<\/p>\n<ul>\n<li><strong>Engineering and design of Terragauss grounding and lightning rod systems.\u00a0 <\/strong><\/li>\n<\/ul>\n<p>We develop a technical proposal that includes one-line diagram, where the model that brings higher security and protection to people and equipment is selected.<\/p>\n<ul>\n<li><strong>Plans development in Autocad<\/strong><\/li>\n<\/ul>\n<p>Engineering area will develop the Autocad plans with the solution for the technical proposal.<\/p>\n<ul>\n<li><strong>Costs optimization<\/strong><\/li>\n<\/ul>\n<p>Models and material configuration always are in proportion of a major quality to a lower cost.<\/p>\n<ul>\n<li><strong>Materials specification stick to the norms.<\/strong><\/li>\n<\/ul>\n<p>Quality materials attached to the norms.<\/p>\n<p>&nbsp;<\/p>\n<\/div>\n<\/div><\/div><\/div><\/div><\/div><div id=\"pg-1859-2\"  class=\"panel-grid panel-no-style\" ><div id=\"pgc-1859-2-0\"  class=\"panel-grid-cell\" ><div id=\"panel-1859-2-0-0\" class=\"so-panel widget widget_sow-headline panel-first-child\" data-index=\"2\" ><div\n\t\t\t\n\t\t\tclass=\"so-widget-sow-headline so-widget-sow-headline-default-80097a5b9405-1859 so-widget-fittext-wrapper\"\n\t\t\t data-fit-text-compressor=\"0\"\n\t\t><div class=\"sow-headline-container\">\n\t\t\t\t\t\t\t<h1 class=\"sow-headline\">\n\t\t\t\t\t\tGROUNDING SYSTEM INSTALLATION\t\t\t\t\t\t<\/h1>\n\t\t\t\t\t\t\t\t\t\t\t<div class=\"decoration\">\n\t\t\t\t\t\t<div class=\"decoration-inside\"><\/div>\n\t\t\t\t\t<\/div>\n\t\t\t\t\t<\/div>\n<\/div><\/div><div id=\"panel-1859-2-0-1\" class=\"so-panel widget widget_sow-editor panel-last-child\" data-index=\"3\" ><div\n\t\t\t\n\t\t\tclass=\"so-widget-sow-editor so-widget-sow-editor-base\"\n\t\t\t\n\t\t>\n<div class=\"siteorigin-widget-tinymce textwidget\">\n\t<p style=\"text-align: center;\">Our engineering and design projects are based in the accomplishment of the national and international norms.<\/p>\n<\/div>\n<\/div><\/div><\/div><\/div><div id=\"pg-1859-3\"  class=\"panel-grid panel-no-style\" ><div id=\"pgc-1859-3-0\"  class=\"panel-grid-cell\" ><div id=\"panel-1859-3-0-0\" class=\"so-panel widget widget_sow-image panel-first-child panel-last-child\" data-index=\"4\" ><div\n\t\t\t\n\t\t\tclass=\"so-widget-sow-image so-widget-sow-image-default-89f16426b92c-1859\"\n\t\t\t\n\t\t>\n\n<div class=\"sow-image-container\">\n\t\t\t<a href=\"\"\n\t\t\t\t\t>\n\t\t\t<img loading=\"lazy\" decoding=\"async\" src=\"https:\/\/www.internationaltrading.com.mx\/wp-content\/uploads\/2020\/08\/INGENIERIA-INST-TIERRAS-FISICAS.png\" width=\"457\" height=\"372\" srcset=\"https:\/\/www.internationaltrading.com.mx\/wp-content\/uploads\/2020\/08\/INGENIERIA-INST-TIERRAS-FISICAS.png 457w, https:\/\/www.internationaltrading.com.mx\/wp-content\/uploads\/2020\/08\/INGENIERIA-INST-TIERRAS-FISICAS-300x244.png 300w\" sizes=\"auto, (max-width: 457px) 100vw, 457px\" title=\"INSTALACION TIERRAS FISICAS\" alt=\"\" \t\tclass=\"so-widget-image\"\/>\n\t<\/a><\/div>\n\n<\/div><\/div><\/div><div id=\"pgc-1859-3-1\"  class=\"panel-grid-cell\" ><div id=\"panel-1859-3-1-0\" class=\"so-panel widget widget_sow-image panel-first-child panel-last-child\" data-index=\"5\" ><div\n\t\t\t\n\t\t\tclass=\"so-widget-sow-image so-widget-sow-image-default-89f16426b92c-1859\"\n\t\t\t\n\t\t>\n\n<div class=\"sow-image-container\">\n\t\t\t<a href=\"\"\n\t\t\t\t\t>\n\t\t\t<img loading=\"lazy\" decoding=\"async\" src=\"https:\/\/www.internationaltrading.com.mx\/wp-content\/uploads\/2020\/08\/INGENIERIA-INST-PARARRAYOS.png\" width=\"457\" height=\"372\" srcset=\"https:\/\/www.internationaltrading.com.mx\/wp-content\/uploads\/2020\/08\/INGENIERIA-INST-PARARRAYOS.png 457w, https:\/\/www.internationaltrading.com.mx\/wp-content\/uploads\/2020\/08\/INGENIERIA-INST-PARARRAYOS-300x244.png 300w\" sizes=\"auto, (max-width: 457px) 100vw, 457px\" title=\"INSTALACION TIERRAS FISICAS\" alt=\"\" \t\tclass=\"so-widget-image\"\/>\n\t<\/a><\/div>\n\n<\/div><\/div><\/div><div id=\"pgc-1859-3-2\"  class=\"panel-grid-cell\" ><div id=\"panel-1859-3-2-0\" class=\"so-panel widget widget_sow-image panel-first-child panel-last-child\" data-index=\"6\" ><div\n\t\t\t\n\t\t\tclass=\"so-widget-sow-image so-widget-sow-image-default-89f16426b92c-1859\"\n\t\t\t\n\t\t>\n\n<div class=\"sow-image-container\">\n\t\t\t<a href=\"\"\n\t\t\t\t\t>\n\t\t\t<img loading=\"lazy\" decoding=\"async\" src=\"https:\/\/www.internationaltrading.com.mx\/wp-content\/uploads\/2020\/08\/INGENIERIA-REALIZACION-PLANOS.png\" width=\"457\" height=\"372\" srcset=\"https:\/\/www.internationaltrading.com.mx\/wp-content\/uploads\/2020\/08\/INGENIERIA-REALIZACION-PLANOS.png 457w, https:\/\/www.internationaltrading.com.mx\/wp-content\/uploads\/2020\/08\/INGENIERIA-REALIZACION-PLANOS-300x244.png 300w\" sizes=\"auto, (max-width: 457px) 100vw, 457px\" title=\"INSTALACION TIERRAS FISICAS\" alt=\"\" \t\tclass=\"so-widget-image\"\/>\n\t<\/a><\/div>\n\n<\/div><\/div><\/div><div id=\"pgc-1859-3-3\"  class=\"panel-grid-cell\" ><div id=\"panel-1859-3-3-0\" class=\"so-panel widget widget_sow-image panel-first-child panel-last-child\" data-index=\"7\" ><div\n\t\t\t\n\t\t\tclass=\"so-widget-sow-image so-widget-sow-image-default-89f16426b92c-1859\"\n\t\t\t\n\t\t>\n\n<div class=\"sow-image-container\">\n\t\t\t<a href=\"\"\n\t\t\t\t\t>\n\t\t\t<img loading=\"lazy\" decoding=\"async\" src=\"https:\/\/www.internationaltrading.com.mx\/wp-content\/uploads\/2020\/08\/INGENIERIA-INSTALACION-DIAGRAMA-UNI.png\" width=\"457\" height=\"372\" srcset=\"https:\/\/www.internationaltrading.com.mx\/wp-content\/uploads\/2020\/08\/INGENIERIA-INSTALACION-DIAGRAMA-UNI.png 457w, https:\/\/www.internationaltrading.com.mx\/wp-content\/uploads\/2020\/08\/INGENIERIA-INSTALACION-DIAGRAMA-UNI-300x244.png 300w\" sizes=\"auto, (max-width: 457px) 100vw, 457px\" title=\"INSTALACION TIERRAS FISICAS\" alt=\"\" \t\tclass=\"so-widget-image\"\/>\n\t<\/a><\/div>\n\n<\/div><\/div><\/div><\/div><div id=\"pg-1859-4\"  class=\"panel-grid panel-has-style\" ><div class=\"siteorigin-panels-stretch panel-row-style panel-row-style-for-1859-4\" data-stretch-type=\"full\" ><div id=\"pgc-1859-4-0\"  class=\"panel-grid-cell\" ><div id=\"panel-1859-4-0-0\" class=\"so-panel widget widget_sow-editor panel-first-child\" data-index=\"8\" ><div\n\t\t\t\n\t\t\tclass=\"so-widget-sow-editor so-widget-sow-editor-base\"\n\t\t\t\n\t\t>\n<div class=\"siteorigin-widget-tinymce textwidget\">\n\t<p style=\"text-align: center; color: white;\"><strong>If you want a quote<\/strong><\/p>\n<\/div>\n<\/div><\/div><div id=\"panel-1859-4-0-1\" class=\"so-panel widget widget_sow-button panel-last-child\" data-index=\"9\" ><div\n\t\t\t\n\t\t\tclass=\"so-widget-sow-button so-widget-sow-button-atom-11198cc92063-1859\"\n\t\t\t\n\t\t><div class=\"ow-button-base ow-button-align-center\">\n\t\t\t<a\n\t\t\t\t\thref=\"https:\/\/www.internationaltrading.com.mx\/en\/contacto\/\"\n\t\t\t\t\tclass=\"sowb-button ow-icon-placement-left ow-button-hover\" \t>\n\t\t<span>\n\t\t\t<span class=\"sow-icon-ionicons\" data-sow-icon=\"&#xf4b9;\"\n\t\tstyle=\"\" \n\t\taria-hidden=\"true\"><\/span>\n\t\t\tCONTACT US\t\t<\/span>\n\t\t\t<\/a>\n\t<\/div>\n<\/div><\/div><\/div><\/div><\/div><div id=\"pg-1859-5\"  class=\"panel-grid panel-no-style\" ><div id=\"pgc-1859-5-0\"  class=\"panel-grid-cell\" ><div id=\"panel-1859-5-0-0\" class=\"so-panel widget widget_sow-headline panel-first-child panel-last-child\" data-index=\"10\" ><div\n\t\t\t\n\t\t\tclass=\"so-widget-sow-headline so-widget-sow-headline-default-a1723d1de5a8-1859 so-widget-fittext-wrapper\"\n\t\t\t data-fit-text-compressor=\"0\"\n\t\t><div class=\"sow-headline-container\">\n\t\t\t\t\t\t\t<h1 class=\"sow-headline\">\n\t\t\t\t\t\tRELATED PRODUCTS\t\t\t\t\t\t<\/h1>\n\t\t\t\t\t\t\t\t\t\t\t<div class=\"decoration\">\n\t\t\t\t\t\t<div class=\"decoration-inside\"><\/div>\n\t\t\t\t\t<\/div>\n\t\t\t\t\t<\/div>\n<\/div><\/div><\/div><\/div><div id=\"pg-1859-6\"  class=\"panel-grid panel-no-style\" ><div id=\"pgc-1859-6-0\"  class=\"panel-grid-cell\" ><div id=\"panel-1859-6-0-0\" class=\"so-panel widget widget_sow-image panel-first-child panel-last-child\" data-index=\"11\" ><div class=\"panel-widget-style panel-widget-style-for-1859-6-0-0\" ><div\n\t\t\t\n\t\t\tclass=\"so-widget-sow-image so-widget-sow-image-default-c67d20f9f743-1859\"\n\t\t\t\n\t\t>\n\n<div class=\"sow-image-container\">\n\t\t\t<a href=\"https:\/\/www.internationaltrading.com.mx\/en\/sistemas-de-puesta-a-tierra-terragauss\/\"\n\t\t\t\t\t>\n\t\t\t<img loading=\"lazy\" decoding=\"async\" src=\"http:\/\/www.internationaltrading.com.mx\/wp-content\/uploads\/2020\/08\/ACCESORIES-ENG_23.jpg\" width=\"300\" height=\"300\" srcset=\"https:\/\/www.internationaltrading.com.mx\/wp-content\/uploads\/2020\/08\/ACCESORIES-ENG_23.jpg 500w, https:\/\/www.internationaltrading.com.mx\/wp-content\/uploads\/2020\/08\/ACCESORIES-ENG_23-300x300.jpg 300w, https:\/\/www.internationaltrading.com.mx\/wp-content\/uploads\/2020\/08\/ACCESORIES-ENG_23-150x150.jpg 150w\" sizes=\"auto, (max-width: 300px) 100vw, 300px\" title=\"SISTEMA DE PUESTA A TIERRA\" alt=\"\" \t\tclass=\"so-widget-image\"\/>\n\t<\/a><\/div>\n\n<\/div><\/div><\/div><\/div><div id=\"pgc-1859-6-1\"  class=\"panel-grid-cell\" ><div id=\"panel-1859-6-1-0\" class=\"so-panel widget widget_sow-image panel-first-child panel-last-child\" data-index=\"12\" ><div class=\"panel-widget-style panel-widget-style-for-1859-6-1-0\" ><div\n\t\t\t\n\t\t\tclass=\"so-widget-sow-image so-widget-sow-image-default-c67d20f9f743-1859\"\n\t\t\t\n\t\t>\n\n<div class=\"sow-image-container\">\n\t\t\t<a href=\"https:\/\/www.internationaltrading.com.mx\/en\/sistemas-de-pararrayos-terragauss\/\"\n\t\t\t\t\t>\n\t\t\t<img loading=\"lazy\" decoding=\"async\" src=\"http:\/\/www.internationaltrading.com.mx\/wp-content\/uploads\/2020\/08\/ACCESORIES-ENG_24.jpg\" width=\"300\" height=\"300\" srcset=\"https:\/\/www.internationaltrading.com.mx\/wp-content\/uploads\/2020\/08\/ACCESORIES-ENG_24.jpg 500w, https:\/\/www.internationaltrading.com.mx\/wp-content\/uploads\/2020\/08\/ACCESORIES-ENG_24-300x300.jpg 300w, https:\/\/www.internationaltrading.com.mx\/wp-content\/uploads\/2020\/08\/ACCESORIES-ENG_24-150x150.jpg 150w\" sizes=\"auto, (max-width: 300px) 100vw, 300px\" title=\"LIGHTNING ROD\" alt=\"\" \t\tclass=\"so-widget-image\"\/>\n\t<\/a><\/div>\n\n<\/div><\/div><\/div><\/div><div id=\"pgc-1859-6-2\"  class=\"panel-grid-cell panel-grid-cell-mobile-last\" ><div id=\"panel-1859-6-2-0\" class=\"so-panel widget widget_sow-image panel-first-child panel-last-child\" data-index=\"13\" ><div class=\"panel-widget-style panel-widget-style-for-1859-6-2-0\" ><div\n\t\t\t\n\t\t\tclass=\"so-widget-sow-image so-widget-sow-image-default-c67d20f9f743-1859\"\n\t\t\t\n\t\t>\n\n<div class=\"sow-image-container\">\n\t\t\t<a href=\"https:\/\/www.internationaltrading.com.mx\/en\/productos-y-accesorios-para-sistemas-puesta-a-tierra-y-pararrayos-aires-acondicionados-y-mas\/\"\n\t\t\t\t\t>\n\t\t\t<img loading=\"lazy\" decoding=\"async\" src=\"http:\/\/www.internationaltrading.com.mx\/wp-content\/uploads\/2020\/08\/ACCESORIES-ENG_16.jpg\" width=\"300\" height=\"300\" srcset=\"https:\/\/www.internationaltrading.com.mx\/wp-content\/uploads\/2020\/08\/ACCESORIES-ENG_16.jpg 500w, https:\/\/www.internationaltrading.com.mx\/wp-content\/uploads\/2020\/08\/ACCESORIES-ENG_16-300x300.jpg 300w, https:\/\/www.internationaltrading.com.mx\/wp-content\/uploads\/2020\/08\/ACCESORIES-ENG_16-150x150.jpg 150w\" sizes=\"auto, (max-width: 300px) 100vw, 300px\" title=\"ACCESORIES\" alt=\"\" \t\tclass=\"so-widget-image\"\/>\n\t<\/a><\/div>\n\n<\/div><\/div><\/div><\/div><div id=\"pgc-1859-6-3\"  class=\"panel-grid-cell panel-grid-cell-empty\" ><\/div><\/div><div id=\"pg-1859-7\"  class=\"panel-grid panel-no-style\" ><div id=\"pgc-1859-7-0\"  class=\"panel-grid-cell\" ><div id=\"panel-1859-7-0-0\" class=\"so-panel widget widget_sow-headline panel-first-child panel-last-child\" data-index=\"14\" ><div\n\t\t\t\n\t\t\tclass=\"so-widget-sow-headline so-widget-sow-headline-default-a1723d1de5a8-1859 so-widget-fittext-wrapper\"\n\t\t\t data-fit-text-compressor=\"0\"\n\t\t><div class=\"sow-headline-container\">\n\t\t\t\t\t\t\t<h1 class=\"sow-headline\">\n\t\t\t\t\t\tRELATED SERVICES\t\t\t\t\t\t<\/h1>\n\t\t\t\t\t\t\t\t\t\t\t<div class=\"decoration\">\n\t\t\t\t\t\t<div class=\"decoration-inside\"><\/div>\n\t\t\t\t\t<\/div>\n\t\t\t\t\t<\/div>\n<\/div><\/div><\/div><\/div><div id=\"pg-1859-8\"  class=\"panel-grid panel-no-style\" ><div id=\"pgc-1859-8-0\"  class=\"panel-grid-cell\" ><div id=\"panel-1859-8-0-0\" class=\"so-panel widget widget_sow-image panel-first-child panel-last-child\" data-index=\"15\" ><div class=\"panel-widget-style panel-widget-style-for-1859-8-0-0\" ><div\n\t\t\t\n\t\t\tclass=\"so-widget-sow-image so-widget-sow-image-default-c67d20f9f743-1859\"\n\t\t\t\n\t\t>\n\n<div class=\"sow-image-container\">\n\t\t\t<a href=\"https:\/\/www.internationaltrading.com.mx\/en\/estudio-de-medicion\/\"\n\t\t\t\t\t>\n\t\t\t<img loading=\"lazy\" decoding=\"async\" src=\"http:\/\/www.internationaltrading.com.mx\/wp-content\/uploads\/2020\/08\/ACCESORIES-ENG_14.jpg\" width=\"300\" height=\"300\" srcset=\"https:\/\/www.internationaltrading.com.mx\/wp-content\/uploads\/2020\/08\/ACCESORIES-ENG_14.jpg 500w, https:\/\/www.internationaltrading.com.mx\/wp-content\/uploads\/2020\/08\/ACCESORIES-ENG_14-300x300.jpg 300w, https:\/\/www.internationaltrading.com.mx\/wp-content\/uploads\/2020\/08\/ACCESORIES-ENG_14-150x150.jpg 150w\" sizes=\"auto, (max-width: 300px) 100vw, 300px\" title=\"MEASUREMENT STUDIES\" alt=\"\" \t\tclass=\"so-widget-image\"\/>\n\t<\/a><\/div>\n\n<\/div><\/div><\/div><\/div><div id=\"pgc-1859-8-1\"  class=\"panel-grid-cell panel-grid-cell-mobile-last\" ><div id=\"panel-1859-8-1-0\" class=\"so-panel widget widget_sow-image panel-first-child panel-last-child\" data-index=\"16\" ><div class=\"panel-widget-style panel-widget-style-for-1859-8-1-0\" ><div\n\t\t\t\n\t\t\tclass=\"so-widget-sow-image so-widget-sow-image-default-c67d20f9f743-1859\"\n\t\t\t\n\t\t>\n\n<div class=\"sow-image-container\">\n\t\t\t<a href=\"https:\/\/www.internationaltrading.com.mx\/en\/instalacion\/\"\n\t\t\t\t\t>\n\t\t\t<img loading=\"lazy\" decoding=\"async\" src=\"http:\/\/www.internationaltrading.com.mx\/wp-content\/uploads\/2020\/08\/ACCESORIES-ENG_15.jpg\" width=\"300\" height=\"300\" srcset=\"https:\/\/www.internationaltrading.com.mx\/wp-content\/uploads\/2020\/08\/ACCESORIES-ENG_15.jpg 500w, https:\/\/www.internationaltrading.com.mx\/wp-content\/uploads\/2020\/08\/ACCESORIES-ENG_15-300x300.jpg 300w, https:\/\/www.internationaltrading.com.mx\/wp-content\/uploads\/2020\/08\/ACCESORIES-ENG_15-150x150.jpg 150w\" sizes=\"auto, (max-width: 300px) 100vw, 300px\" title=\"GROUNDING SYSTEM INSTALLATION\" alt=\"\" \t\tclass=\"so-widget-image\"\/>\n\t<\/a><\/div>\n\n<\/div><\/div><\/div><\/div><div id=\"pgc-1859-8-2\"  class=\"panel-grid-cell panel-grid-cell-empty\" ><\/div><\/div><\/div>","protected":false},"excerpt":{"rendered":"<p>Contamos con un \u00e1rea de ingenier\u00eda y dise\u00f1o de proyectos conformados por profesionales con experiencia y conocimiento en el desarrollo de proyectos, enfoc\u00e1ndonos en la protecci\u00f3n de personas y equipos el\u00e9ctricos y electr\u00f3nicos, con nuestro sistema de tierras f\u00edsicas y<\/p>","protected":false},"author":2,"featured_media":0,"parent":0,"menu_order":2,"comment_status":"closed","ping_status":"closed","template":"","meta":{"_monsterinsights_skip_tracking":false,"_monsterinsights_sitenote_active":false,"_monsterinsights_sitenote_note":"","_monsterinsights_sitenote_category":0,"footnotes":""},"class_list":["post-1859","page","type-page","status-publish","hentry"],"_links":{"self":[{"href":"https:\/\/www.internationaltrading.com.mx\/en\/wp-json\/wp\/v2\/pages\/1859","targetHints":{"allow":["GET"]}}],"collection":[{"href":"https:\/\/www.internationaltrading.com.mx\/en\/wp-json\/wp\/v2\/pages"}],"about":[{"href":"https:\/\/www.internationaltrading.com.mx\/en\/wp-json\/wp\/v2\/types\/page"}],"author":[{"embeddable":true,"href":"https:\/\/www.internationaltrading.com.mx\/en\/wp-json\/wp\/v2\/users\/2"}],"replies":[{"embeddable":true,"href":"https:\/\/www.internationaltrading.com.mx\/en\/wp-json\/wp\/v2\/comments?post=1859"}],"version-history":[{"count":9,"href":"https:\/\/www.internationaltrading.com.mx\/en\/wp-json\/wp\/v2\/pages\/1859\/revisions"}],"predecessor-version":[{"id":2395,"href":"https:\/\/www.internationaltrading.com.mx\/en\/wp-json\/wp\/v2\/pages\/1859\/revisions\/2395"}],"wp:attachment":[{"href":"https:\/\/www.internationaltrading.com.mx\/en\/wp-json\/wp\/v2\/media?parent=1859"}],"curies":[{"name":"wp","href":"https:\/\/api.w.org\/{rel}","templated":true}]}}