{"id":2485,"date":"2023-08-13T10:19:05","date_gmt":"2023-08-13T16:19:05","guid":{"rendered":"http:\/\/www.internationaltrading.com.mx\/?page_id=2485"},"modified":"2023-08-13T13:16:41","modified_gmt":"2023-08-13T19:16:41","slug":"mantenimiento-ac","status":"publish","type":"page","link":"https:\/\/www.internationaltrading.com.mx\/en\/servicio-mantenimiento\/mantenimiento-ac\/","title":{"rendered":"Precission Air Conditioner Maintenance"},"content":{"rendered":"<div id=\"pl-2485\"  class=\"panel-layout\" ><div id=\"pg-2485-0\"  class=\"panel-grid panel-has-style\" ><div class=\"siteorigin-panels-stretch panel-row-style panel-row-style-for-2485-0\" data-stretch-type=\"full-stretched\" ><div id=\"pgc-2485-0-0\"  class=\"panel-grid-cell\" ><div id=\"panel-2485-0-0-0\" class=\"so-panel widget widget_sow-hero panel-first-child panel-last-child\" data-index=\"0\" ><div class=\"panel-widget-style panel-widget-style-for-2485-0-0-0\" ><div\n\t\t\t\n\t\t\tclass=\"so-widget-sow-hero so-widget-sow-hero-default-856f878a377d-2485 so-widget-fittext-wrapper\"\n\t\t\t\n\t\t>\t\t\t\t<div class=\"sow-slider-base\" style=\"display: none\" tabindex=\"0\">\n\t\t\t\t\t<ul\n\t\t\t\t\tclass=\"sow-slider-images\"\n\t\t\t\t\tdata-settings=\"{&quot;pagination&quot;:true,&quot;speed&quot;:1000,&quot;timeout&quot;:8000,&quot;paused&quot;:false,&quot;pause_on_hover&quot;:false,&quot;swipe&quot;:true,&quot;nav_always_show_desktop&quot;:&quot;&quot;,&quot;nav_always_show_mobile&quot;:&quot;&quot;,&quot;breakpoint&quot;:&quot;780px&quot;,&quot;unmute&quot;:false,&quot;anchor&quot;:null}\"\n\t\t\t\t\t\t\t\t\t\tdata-anchor-id=\"\"\n\t\t\t\t>\t\t<li class=\"sow-slider-image  sow-slider-image-cover\" style=\"visibility: visible;;background-color: #222222\" >\n\t\t\t\t\t<div class=\"sow-slider-image-container\">\n\t\t\t<div class=\"sow-slider-image-wrapper\">\n\t\t\t\t<h1 style=\"text-align: center\"><strong>SERVICES<\/strong><\/h1>\n<h6 style=\"text-align: center;color: white\"><strong>MAINTENANCE OF PRECISION AIR CONDITIONERS<\/strong><\/h6>\t\t\t<\/div>\n\t\t<\/div>\n\t\t<div class=\"sow-slider-image-overlay sow-slider-image-cover\" style=\"opacity: 0.6;background-image: url(https:\/\/www.internationaltrading.com.mx\/wp-content\/uploads\/2023\/08\/MANTENIMIENTO-AC.jpg)\"  ><\/div>\t\t<\/li>\n\t\t<\/ul>\t\t\t\t<ol class=\"sow-slider-pagination\">\n\t\t\t\t\t\t\t\t\t\t\t<li><a href=\"#\" data-goto=\"0\" aria-label=\"display slide 1\"><\/a><\/li>\n\t\t\t\t\t\t\t\t\t<\/ol>\n\n\t\t\t\t<div class=\"sow-slide-nav sow-slide-nav-next\">\n\t\t\t\t\t<a href=\"#\" data-goto=\"next\" aria-label=\"next slide\" data-action=\"next\">\n\t\t\t\t\t\t<em class=\"sow-sld-icon-thin-right\"><\/em>\n\t\t\t\t\t<\/a>\n\t\t\t\t<\/div>\n\n\t\t\t\t<div class=\"sow-slide-nav sow-slide-nav-prev\">\n\t\t\t\t\t<a href=\"#\" data-goto=\"previous\" aria-label=\"previous slide\" data-action=\"prev\">\n\t\t\t\t\t\t<em class=\"sow-sld-icon-thin-left\"><\/em>\n\t\t\t\t\t<\/a>\n\t\t\t\t<\/div>\n\t\t\t\t<\/div><\/div><\/div><\/div><\/div><\/div><\/div><div id=\"pg-2485-1\"  class=\"panel-grid panel-has-style\" ><div class=\"siteorigin-panels-stretch panel-row-style panel-row-style-for-2485-1\" data-stretch-type=\"full\" ><div id=\"pgc-2485-1-0\"  class=\"panel-grid-cell\" ><div id=\"panel-2485-1-0-0\" class=\"so-panel widget widget_sow-headline panel-first-child\" data-index=\"1\" ><div\n\t\t\t\n\t\t\tclass=\"so-widget-sow-headline so-widget-sow-headline-default-843123a212ba-2485 so-widget-fittext-wrapper\"\n\t\t\t data-fit-text-compressor=\"\"\n\t\t><div class=\"sow-headline-container\">\n\t\t\t\t\t\t\t<h1 class=\"sow-headline\">\n\t\t\t\t\t\tPREVENTIVE MAINTENANCE\t\t\t\t\t\t<\/h1>\n\t\t\t\t\t\t\t\t\t\t\t<div class=\"decoration\">\n\t\t\t\t\t\t<div class=\"decoration-inside\"><\/div>\n\t\t\t\t\t<\/div>\n\t\t\t\t\t<\/div>\n<\/div><\/div><div id=\"panel-2485-1-0-1\" class=\"so-panel widget widget_sow-editor\" data-index=\"2\" ><div\n\t\t\t\n\t\t\tclass=\"so-widget-sow-editor so-widget-sow-editor-base\"\n\t\t\t\n\t\t>\n<div class=\"siteorigin-widget-tinymce textwidget\">\n\t<h4 style=\"text-align: center;\"><strong>IN THE EVAPORATOR<\/strong><\/h4>\n<p style=\"text-align: center;\">\u2022 Coil cleaning.<br \/>\n\u2022 Electric board.<br \/>\n\u2022 Interior and exterior cabinet.<br \/>\n\u2022 Adjustment of electrical connections.<br \/>\n\u2022 Review of parameters such as voltage, current, refrigerant pressure.<br \/>\n\u2022 Engine check.<br \/>\n\u2022 Adjustment of bands and bearings.<\/p>\n<\/div>\n<\/div><\/div><div id=\"panel-2485-1-0-2\" class=\"so-panel widget widget_sow-image\" data-index=\"3\" ><div\n\t\t\t\n\t\t\tclass=\"so-widget-sow-image so-widget-sow-image-default-c67d20f9f743-2485\"\n\t\t\t\n\t\t>\n\n<div class=\"sow-image-container\">\n\t\t<img loading=\"lazy\" decoding=\"async\" src=\"https:\/\/www.internationaltrading.com.mx\/wp-content\/uploads\/2023\/08\/mantenimiento-de-aires-acondicionados-1.jpg\" width=\"250\" height=\"190\" srcset=\"https:\/\/www.internationaltrading.com.mx\/wp-content\/uploads\/2023\/08\/mantenimiento-de-aires-acondicionados-1.jpg 250w, https:\/\/www.internationaltrading.com.mx\/wp-content\/uploads\/2023\/08\/mantenimiento-de-aires-acondicionados-1-16x12.jpg 16w\" sizes=\"auto, (max-width: 250px) 100vw, 250px\" title=\"MANTENIMIENTO AC\" alt=\"\" \t\tclass=\"so-widget-image\"\/>\n\t<\/div>\n\n<\/div><\/div><div id=\"panel-2485-1-0-3\" class=\"so-panel widget widget_sow-headline\" data-index=\"4\" ><div\n\t\t\t\n\t\t\tclass=\"so-widget-sow-headline so-widget-sow-headline-default-843123a212ba-2485 so-widget-fittext-wrapper\"\n\t\t\t data-fit-text-compressor=\"\"\n\t\t><div class=\"sow-headline-container\">\n\t\t\t\t\t\t<div class=\"decoration\">\n\t\t\t\t\t\t<div class=\"decoration-inside\"><\/div>\n\t\t\t\t\t<\/div>\n\t\t\t\t\t<\/div>\n<\/div><\/div><div id=\"panel-2485-1-0-4\" class=\"so-panel widget widget_sow-editor\" data-index=\"5\" ><div\n\t\t\t\n\t\t\tclass=\"so-widget-sow-editor so-widget-sow-editor-base\"\n\t\t\t\n\t\t>\n<div class=\"siteorigin-widget-tinymce textwidget\">\n\t<h4 style=\"text-align: center;\">IN THE CONDENSER<\/h4>\n<p style=\"text-align: center;\">\u2022Coil cleaning (with pressurized water)<br \/>\n\u2022 Cleaning of electrical panel.<br \/>\n\u2022 Adjustment of connections.<br \/>\n\u2022 Engine and blade inspection.<\/p>\n<\/div>\n<\/div><\/div><div id=\"panel-2485-1-0-5\" class=\"so-panel widget widget_sow-image\" data-index=\"6\" ><div\n\t\t\t\n\t\t\tclass=\"so-widget-sow-image so-widget-sow-image-default-c67d20f9f743-2485\"\n\t\t\t\n\t\t>\n\n<div class=\"sow-image-container\">\n\t\t<img loading=\"lazy\" decoding=\"async\" src=\"https:\/\/www.internationaltrading.com.mx\/wp-content\/uploads\/2023\/08\/mantenimiento-aires-acondicionados-2.jpg\" width=\"250\" height=\"190\" srcset=\"https:\/\/www.internationaltrading.com.mx\/wp-content\/uploads\/2023\/08\/mantenimiento-aires-acondicionados-2.jpg 250w, https:\/\/www.internationaltrading.com.mx\/wp-content\/uploads\/2023\/08\/mantenimiento-aires-acondicionados-2-16x12.jpg 16w\" sizes=\"auto, (max-width: 250px) 100vw, 250px\" title=\"MANTENIMIENTO AC\" alt=\"\" \t\tclass=\"so-widget-image\"\/>\n\t<\/div>\n\n<\/div><\/div><div id=\"panel-2485-1-0-6\" class=\"so-panel widget widget_sow-headline\" data-index=\"7\" ><div\n\t\t\t\n\t\t\tclass=\"so-widget-sow-headline so-widget-sow-headline-default-843123a212ba-2485 so-widget-fittext-wrapper\"\n\t\t\t data-fit-text-compressor=\"\"\n\t\t><div class=\"sow-headline-container\">\n\t\t\t\t\t\t<div class=\"decoration\">\n\t\t\t\t\t\t<div class=\"decoration-inside\"><\/div>\n\t\t\t\t\t<\/div>\n\t\t\t\t\t<\/div>\n<\/div><\/div><div id=\"panel-2485-1-0-7\" class=\"so-panel widget widget_sow-editor\" data-index=\"8\" ><div\n\t\t\t\n\t\t\tclass=\"so-widget-sow-editor so-widget-sow-editor-base\"\n\t\t\t\n\t\t>\n<div class=\"siteorigin-widget-tinymce textwidget\">\n\t<h4 style=\"text-align: center;\">WORKS INCLUDE<\/h4>\n<p style=\"text-align: center;\">\u2022 Labour.<br \/>\n\u2022 Tools.<br \/>\n\u2022 Application of special product for cleaning coils every 6 months.<br \/>\n\u2022 Change pleated air filters (2 per year).<br \/>\n\u2022 Emergency response in less than 3 hours, 24 hours a day, 365 days a year.<\/p>\n<\/div>\n<\/div><\/div><div id=\"panel-2485-1-0-8\" class=\"so-panel widget widget_sow-image\" data-index=\"9\" ><div\n\t\t\t\n\t\t\tclass=\"so-widget-sow-image so-widget-sow-image-default-c67d20f9f743-2485\"\n\t\t\t\n\t\t>\n\n<div class=\"sow-image-container\">\n\t\t<img loading=\"lazy\" decoding=\"async\" src=\"https:\/\/www.internationaltrading.com.mx\/wp-content\/uploads\/2023\/08\/mantenimiento-aires-acondicionados-2-1.jpg\" width=\"250\" height=\"190\" srcset=\"https:\/\/www.internationaltrading.com.mx\/wp-content\/uploads\/2023\/08\/mantenimiento-aires-acondicionados-2-1.jpg 250w, https:\/\/www.internationaltrading.com.mx\/wp-content\/uploads\/2023\/08\/mantenimiento-aires-acondicionados-2-1-16x12.jpg 16w\" sizes=\"auto, (max-width: 250px) 100vw, 250px\" title=\"MANTENIMIENTO AC\" alt=\"\" \t\tclass=\"so-widget-image\"\/>\n\t<\/div>\n\n<\/div><\/div><div id=\"panel-2485-1-0-9\" class=\"so-panel widget widget_sow-headline\" data-index=\"10\" ><div\n\t\t\t\n\t\t\tclass=\"so-widget-sow-headline so-widget-sow-headline-default-843123a212ba-2485 so-widget-fittext-wrapper\"\n\t\t\t data-fit-text-compressor=\"\"\n\t\t><div class=\"sow-headline-container\">\n\t\t\t\t\t\t<div class=\"decoration\">\n\t\t\t\t\t\t<div class=\"decoration-inside\"><\/div>\n\t\t\t\t\t<\/div>\n\t\t\t\t\t<\/div>\n<\/div><\/div><div id=\"panel-2485-1-0-10\" class=\"so-panel widget widget_sow-editor\" data-index=\"11\" ><div\n\t\t\t\n\t\t\tclass=\"so-widget-sow-editor so-widget-sow-editor-base\"\n\t\t\t\n\t\t>\n<div class=\"siteorigin-widget-tinymce textwidget\">\n\t<h4 style=\"text-align: center;\">BASIC SPARE PARTS KIT (SUPPLIES PER YEAR)<\/h4>\n<p style=\"text-align: center;\">\u2022 Transmission bands.<br \/>\n\u2022 Change of fuses (as necessary).<br \/>\n\u2022 13.6 kg R-22 refrigerant gas tank.<\/p>\n<\/div>\n<\/div><\/div><div id=\"panel-2485-1-0-11\" class=\"so-panel widget widget_sow-image panel-last-child\" data-index=\"12\" ><div\n\t\t\t\n\t\t\tclass=\"so-widget-sow-image so-widget-sow-image-default-c67d20f9f743-2485\"\n\t\t\t\n\t\t>\n\n<div class=\"sow-image-container\">\n\t\t<img loading=\"lazy\" decoding=\"async\" src=\"https:\/\/www.internationaltrading.com.mx\/wp-content\/uploads\/2023\/08\/mantenimiento-de-aires-acondicionados.png\" width=\"250\" height=\"190\" srcset=\"https:\/\/www.internationaltrading.com.mx\/wp-content\/uploads\/2023\/08\/mantenimiento-de-aires-acondicionados.png 250w, https:\/\/www.internationaltrading.com.mx\/wp-content\/uploads\/2023\/08\/mantenimiento-de-aires-acondicionados-16x12.png 16w\" sizes=\"auto, (max-width: 250px) 100vw, 250px\" title=\"MANTENIMIENTO AC\" alt=\"\" \t\tclass=\"so-widget-image\"\/>\n\t<\/div>\n\n<\/div><\/div><\/div><\/div><\/div><\/div>","protected":false},"excerpt":{"rendered":"<p>EN EL EVAPORADOR \u2022 Limpieza de serpent\u00edn. \u2022 Tablero el\u00e9ctrico. \u2022 Gabinete interior y exterior. \u2022 Ajuste de conexiones el\u00e9ctricas. \u2022 Revisi\u00f3n de par\u00e1metros como voltaje, corriente, presi\u00f3n de refrigerante. \u2022 Revisi\u00f3n de motor. \u2022 Ajuste de bandas y rodamientos.<\/p>","protected":false},"author":2,"featured_media":0,"parent":2505,"menu_order":5,"comment_status":"closed","ping_status":"closed","template":"","meta":{"_monsterinsights_skip_tracking":false,"_monsterinsights_sitenote_active":false,"_monsterinsights_sitenote_note":"","_monsterinsights_sitenote_category":0,"footnotes":""},"class_list":["post-2485","page","type-page","status-publish","hentry"],"_links":{"self":[{"href":"https:\/\/www.internationaltrading.com.mx\/en\/wp-json\/wp\/v2\/pages\/2485","targetHints":{"allow":["GET"]}}],"collection":[{"href":"https:\/\/www.internationaltrading.com.mx\/en\/wp-json\/wp\/v2\/pages"}],"about":[{"href":"https:\/\/www.internationaltrading.com.mx\/en\/wp-json\/wp\/v2\/types\/page"}],"author":[{"embeddable":true,"href":"https:\/\/www.internationaltrading.com.mx\/en\/wp-json\/wp\/v2\/users\/2"}],"replies":[{"embeddable":true,"href":"https:\/\/www.internationaltrading.com.mx\/en\/wp-json\/wp\/v2\/comments?post=2485"}],"version-history":[{"count":7,"href":"https:\/\/www.internationaltrading.com.mx\/en\/wp-json\/wp\/v2\/pages\/2485\/revisions"}],"predecessor-version":[{"id":2545,"href":"https:\/\/www.internationaltrading.com.mx\/en\/wp-json\/wp\/v2\/pages\/2485\/revisions\/2545"}],"up":[{"embeddable":true,"href":"https:\/\/www.internationaltrading.com.mx\/en\/wp-json\/wp\/v2\/pages\/2505"}],"wp:attachment":[{"href":"https:\/\/www.internationaltrading.com.mx\/en\/wp-json\/wp\/v2\/media?parent=2485"}],"curies":[{"name":"wp","href":"https:\/\/api.w.org\/{rel}","templated":true}]}}