{"id":2493,"date":"2023-08-13T10:49:44","date_gmt":"2023-08-13T16:49:44","guid":{"rendered":"http:\/\/www.internationaltrading.com.mx\/?page_id=2493"},"modified":"2023-08-13T13:07:25","modified_gmt":"2023-08-13T19:07:25","slug":"plantas-emergencia","status":"publish","type":"page","link":"https:\/\/www.internationaltrading.com.mx\/en\/servicio-mantenimiento\/plantas-emergencia\/","title":{"rendered":"Emergency Plants Maintenance"},"content":{"rendered":"<div id=\"pl-2493\"  class=\"panel-layout\" ><div id=\"pg-2493-0\"  class=\"panel-grid panel-has-style\" ><div class=\"siteorigin-panels-stretch panel-row-style panel-row-style-for-2493-0\" data-stretch-type=\"full-stretched\" ><div id=\"pgc-2493-0-0\"  class=\"panel-grid-cell\" ><div id=\"panel-2493-0-0-0\" class=\"so-panel widget widget_sow-hero panel-first-child panel-last-child\" data-index=\"0\" ><div class=\"panel-widget-style panel-widget-style-for-2493-0-0-0\" ><div\n\t\t\t\n\t\t\tclass=\"so-widget-sow-hero so-widget-sow-hero-default-856f878a377d-2493 so-widget-fittext-wrapper\"\n\t\t\t\n\t\t>\t\t\t\t<div class=\"sow-slider-base\" style=\"display: none\" tabindex=\"0\">\n\t\t\t\t\t<ul\n\t\t\t\t\tclass=\"sow-slider-images\"\n\t\t\t\t\tdata-settings=\"{&quot;pagination&quot;:true,&quot;speed&quot;:1000,&quot;timeout&quot;:8000,&quot;paused&quot;:false,&quot;pause_on_hover&quot;:false,&quot;swipe&quot;:true,&quot;nav_always_show_desktop&quot;:&quot;&quot;,&quot;nav_always_show_mobile&quot;:&quot;&quot;,&quot;breakpoint&quot;:&quot;780px&quot;,&quot;unmute&quot;:false,&quot;anchor&quot;:null}\"\n\t\t\t\t\t\t\t\t\t\tdata-anchor-id=\"\"\n\t\t\t\t>\t\t<li class=\"sow-slider-image  sow-slider-image-cover\" style=\"visibility: visible;;background-color: #222222\" >\n\t\t\t\t\t<div class=\"sow-slider-image-container\">\n\t\t\t<div class=\"sow-slider-image-wrapper\">\n\t\t\t\t<h1 style=\"text-align: center\"><strong>SERVICES<\/strong><\/h1>\n<h6 style=\"text-align: center;color: white\"><strong>EMERGENCY PLANTS MAINTENANCE<\/strong><\/h6>\t\t\t<\/div>\n\t\t<\/div>\n\t\t<div class=\"sow-slider-image-overlay sow-slider-image-cover\" style=\"opacity: 0.6;background-image: url(https:\/\/www.internationaltrading.com.mx\/wp-content\/uploads\/2023\/08\/MANTENIMIENTO-PLANTAS-EMERGENCIA-1.jpg)\"  ><\/div>\t\t<\/li>\n\t\t<\/ul>\t\t\t\t<ol class=\"sow-slider-pagination\">\n\t\t\t\t\t\t\t\t\t\t\t<li><a href=\"#\" data-goto=\"0\" aria-label=\"display slide 1\"><\/a><\/li>\n\t\t\t\t\t\t\t\t\t<\/ol>\n\n\t\t\t\t<div class=\"sow-slide-nav sow-slide-nav-next\">\n\t\t\t\t\t<a href=\"#\" data-goto=\"next\" aria-label=\"next slide\" data-action=\"next\">\n\t\t\t\t\t\t<em class=\"sow-sld-icon-thin-right\"><\/em>\n\t\t\t\t\t<\/a>\n\t\t\t\t<\/div>\n\n\t\t\t\t<div class=\"sow-slide-nav sow-slide-nav-prev\">\n\t\t\t\t\t<a href=\"#\" data-goto=\"previous\" aria-label=\"previous slide\" data-action=\"prev\">\n\t\t\t\t\t\t<em class=\"sow-sld-icon-thin-left\"><\/em>\n\t\t\t\t\t<\/a>\n\t\t\t\t<\/div>\n\t\t\t\t<\/div><\/div><\/div><\/div><\/div><\/div><\/div><div id=\"pg-2493-1\"  class=\"panel-grid panel-has-style\" ><div class=\"siteorigin-panels-stretch panel-row-style panel-row-style-for-2493-1\" data-stretch-type=\"full\" ><div id=\"pgc-2493-1-0\"  class=\"panel-grid-cell\" ><div id=\"panel-2493-1-0-0\" class=\"so-panel widget widget_sow-headline panel-first-child\" data-index=\"1\" ><div\n\t\t\t\n\t\t\tclass=\"so-widget-sow-headline so-widget-sow-headline-default-843123a212ba-2493 so-widget-fittext-wrapper\"\n\t\t\t data-fit-text-compressor=\"\"\n\t\t><div class=\"sow-headline-container\">\n\t\t\t\t\t\t\t<h1 class=\"sow-headline\">\n\t\t\t\t\t\tPREVENTIVE MAINTENANCE\t\t\t\t\t\t<\/h1>\n\t\t\t\t\t\t\t\t\t\t\t<div class=\"decoration\">\n\t\t\t\t\t\t<div class=\"decoration-inside\"><\/div>\n\t\t\t\t\t<\/div>\n\t\t\t\t\t<\/div>\n<\/div><\/div><div id=\"panel-2493-1-0-1\" class=\"so-panel widget widget_sow-editor\" data-index=\"2\" ><div\n\t\t\t\n\t\t\tclass=\"so-widget-sow-editor so-widget-sow-editor-base\"\n\t\t\t\n\t\t>\n<div class=\"siteorigin-widget-tinymce textwidget\">\n\t<h4 style=\"text-align: center;\">IN THE INTERNAL COMBUSTION ENGINE, REVIEW AND IN CASE OF FAILURE CORRECTION<\/h4>\n<p style=\"text-align: center;\">\u2022 Engine oil level.<br \/>\n\u2022 Radiator water level.<br \/>\n\u2022 Fuel level in the tank.<br \/>\n\u2022 Battery fluid level.<br \/>\n\u2022 Review and in case of failure correction of the external preheater.<br \/>\n\u2022 Battery charging status.<br \/>\n\u2022 Band status.<br \/>\n\u2022 Hose condition.<br \/>\n\u2022 Tightening battery connections.<\/p>\n<\/div>\n<\/div><\/div><div id=\"panel-2493-1-0-2\" class=\"so-panel widget widget_sow-image\" data-index=\"3\" ><div\n\t\t\t\n\t\t\tclass=\"so-widget-sow-image so-widget-sow-image-default-c67d20f9f743-2493\"\n\t\t\t\n\t\t>\n\n<div class=\"sow-image-container\">\n\t\t<img loading=\"lazy\" decoding=\"async\" src=\"https:\/\/www.internationaltrading.com.mx\/wp-content\/uploads\/2023\/08\/mantenimiento-de-plantas-de-emergencia-1.jpg\" width=\"330\" height=\"272\" srcset=\"https:\/\/www.internationaltrading.com.mx\/wp-content\/uploads\/2023\/08\/mantenimiento-de-plantas-de-emergencia-1.jpg 330w, https:\/\/www.internationaltrading.com.mx\/wp-content\/uploads\/2023\/08\/mantenimiento-de-plantas-de-emergencia-1-300x247.jpg 300w, https:\/\/www.internationaltrading.com.mx\/wp-content\/uploads\/2023\/08\/mantenimiento-de-plantas-de-emergencia-1-15x12.jpg 15w\" sizes=\"auto, (max-width: 330px) 100vw, 330px\" title=\"MANTENIMIENTO PLANTAS EMERGENCIA\" alt=\"\" \t\tclass=\"so-widget-image\"\/>\n\t<\/div>\n\n<\/div><\/div><div id=\"panel-2493-1-0-3\" class=\"so-panel widget widget_sow-headline\" data-index=\"4\" ><div\n\t\t\t\n\t\t\tclass=\"so-widget-sow-headline so-widget-sow-headline-default-843123a212ba-2493 so-widget-fittext-wrapper\"\n\t\t\t data-fit-text-compressor=\"\"\n\t\t><div class=\"sow-headline-container\">\n\t\t\t\t\t\t<div class=\"decoration\">\n\t\t\t\t\t\t<div class=\"decoration-inside\"><\/div>\n\t\t\t\t\t<\/div>\n\t\t\t\t\t<\/div>\n<\/div><\/div><div id=\"panel-2493-1-0-4\" class=\"so-panel widget widget_sow-editor\" data-index=\"5\" ><div\n\t\t\t\n\t\t\tclass=\"so-widget-sow-editor so-widget-sow-editor-base\"\n\t\t\t\n\t\t>\n<div class=\"siteorigin-widget-tinymce textwidget\">\n\t<h4 style=\"text-align: center;\">OPERATION OF THE AUTOMATIC STOP DEVICE<\/h4>\n<p style=\"text-align: center;\">\u2022 Due to high water temperature.<br \/>\n\u2022 Due to low oil pressure.<br \/>\n\u2022 Over speed.<br \/>\n\u2022 Low speed.<br \/>\n\u2022 Low fuel level.<br \/>\n\u2022 Due to overload.<\/p>\n<\/div>\n<\/div><\/div><div id=\"panel-2493-1-0-5\" class=\"so-panel widget widget_sow-image\" data-index=\"6\" ><div\n\t\t\t\n\t\t\tclass=\"so-widget-sow-image so-widget-sow-image-default-c67d20f9f743-2493\"\n\t\t\t\n\t\t>\n\n<div class=\"sow-image-container\">\n\t\t<img loading=\"lazy\" decoding=\"async\" src=\"https:\/\/www.internationaltrading.com.mx\/wp-content\/uploads\/2023\/08\/mantenimiento-aires-acondicionados-4.jpg\" width=\"332\" height=\"247\" srcset=\"https:\/\/www.internationaltrading.com.mx\/wp-content\/uploads\/2023\/08\/mantenimiento-aires-acondicionados-4.jpg 332w, https:\/\/www.internationaltrading.com.mx\/wp-content\/uploads\/2023\/08\/mantenimiento-aires-acondicionados-4-300x223.jpg 300w, https:\/\/www.internationaltrading.com.mx\/wp-content\/uploads\/2023\/08\/mantenimiento-aires-acondicionados-4-16x12.jpg 16w\" sizes=\"auto, (max-width: 332px) 100vw, 332px\" title=\"MANTENIMIENTO PLANTAS EMERGENCIA\" alt=\"\" \t\tclass=\"so-widget-image\"\/>\n\t<\/div>\n\n<\/div><\/div><div id=\"panel-2493-1-0-6\" class=\"so-panel widget widget_sow-headline\" data-index=\"7\" ><div\n\t\t\t\n\t\t\tclass=\"so-widget-sow-headline so-widget-sow-headline-default-843123a212ba-2493 so-widget-fittext-wrapper\"\n\t\t\t data-fit-text-compressor=\"\"\n\t\t><div class=\"sow-headline-container\">\n\t\t\t\t\t\t<div class=\"decoration\">\n\t\t\t\t\t\t<div class=\"decoration-inside\"><\/div>\n\t\t\t\t\t<\/div>\n\t\t\t\t\t<\/div>\n<\/div><\/div><div id=\"panel-2493-1-0-7\" class=\"so-panel widget widget_sow-editor\" data-index=\"8\" ><div\n\t\t\t\n\t\t\tclass=\"so-widget-sow-editor so-widget-sow-editor-base\"\n\t\t\t\n\t\t>\n<div class=\"siteorigin-widget-tinymce textwidget\">\n\t<h4 style=\"text-align: center;\">REVIEW AND IN CASE OF FAILURE CORRECTION OF DC VOLTAGE. OF THE ALTERNATOR<\/h4>\n<\/div>\n<\/div><\/div><div id=\"panel-2493-1-0-8\" class=\"so-panel widget widget_sow-image\" data-index=\"9\" ><div\n\t\t\t\n\t\t\tclass=\"so-widget-sow-image so-widget-sow-image-default-c67d20f9f743-2493\"\n\t\t\t\n\t\t>\n\n<div class=\"sow-image-container\">\n\t\t<img loading=\"lazy\" decoding=\"async\" src=\"https:\/\/www.internationaltrading.com.mx\/wp-content\/uploads\/2023\/08\/mantenimiento-plantas-emergencia.png\" width=\"350\" height=\"243\" srcset=\"https:\/\/www.internationaltrading.com.mx\/wp-content\/uploads\/2023\/08\/mantenimiento-plantas-emergencia.png 350w, https:\/\/www.internationaltrading.com.mx\/wp-content\/uploads\/2023\/08\/mantenimiento-plantas-emergencia-300x208.png 300w, https:\/\/www.internationaltrading.com.mx\/wp-content\/uploads\/2023\/08\/mantenimiento-plantas-emergencia-18x12.png 18w\" sizes=\"auto, (max-width: 350px) 100vw, 350px\" title=\"MANTENIMIENTO PLANTAS EMERGENCIA\" alt=\"\" \t\tclass=\"so-widget-image\"\/>\n\t<\/div>\n\n<\/div><\/div><div id=\"panel-2493-1-0-9\" class=\"so-panel widget widget_sow-headline\" data-index=\"10\" ><div\n\t\t\t\n\t\t\tclass=\"so-widget-sow-headline so-widget-sow-headline-default-843123a212ba-2493 so-widget-fittext-wrapper\"\n\t\t\t data-fit-text-compressor=\"\"\n\t\t><div class=\"sow-headline-container\">\n\t\t\t\t\t\t<div class=\"decoration\">\n\t\t\t\t\t\t<div class=\"decoration-inside\"><\/div>\n\t\t\t\t\t<\/div>\n\t\t\t\t\t<\/div>\n<\/div><\/div><div id=\"panel-2493-1-0-10\" class=\"so-panel widget widget_sow-editor\" data-index=\"11\" ><div\n\t\t\t\n\t\t\tclass=\"so-widget-sow-editor so-widget-sow-editor-base\"\n\t\t\t\n\t\t>\n<div class=\"siteorigin-widget-tinymce textwidget\">\n\t<h4 style=\"text-align: center;\">OF THE FUEL AND INTAKE AIR SYSTEM, REVIEW AND IN CASE OF FAILURE CORRECTION OF:<\/h4>\n<p style=\"text-align: center;\">\u2022 Diesel status.<br \/>\n\u2022 Fuel filter.<br \/>\n\u2022 Cleaning or if necessary changing the engine air filter.<\/p>\n<\/div>\n<\/div><\/div><div id=\"panel-2493-1-0-11\" class=\"so-panel widget widget_sow-image\" data-index=\"12\" ><div\n\t\t\t\n\t\t\tclass=\"so-widget-sow-image so-widget-sow-image-default-c67d20f9f743-2493\"\n\t\t\t\n\t\t>\n\n<div class=\"sow-image-container\">\n\t\t<img loading=\"lazy\" decoding=\"async\" src=\"https:\/\/www.internationaltrading.com.mx\/wp-content\/uploads\/2023\/08\/mantenimiento-plantas-emergencia.jpg\" width=\"350\" height=\"233\" srcset=\"https:\/\/www.internationaltrading.com.mx\/wp-content\/uploads\/2023\/08\/mantenimiento-plantas-emergencia.jpg 350w, https:\/\/www.internationaltrading.com.mx\/wp-content\/uploads\/2023\/08\/mantenimiento-plantas-emergencia-300x200.jpg 300w, https:\/\/www.internationaltrading.com.mx\/wp-content\/uploads\/2023\/08\/mantenimiento-plantas-emergencia-18x12.jpg 18w, https:\/\/www.internationaltrading.com.mx\/wp-content\/uploads\/2023\/08\/mantenimiento-plantas-emergencia-272x182.jpg 272w\" sizes=\"auto, (max-width: 350px) 100vw, 350px\" title=\"MANTENIMIENTO PLANTAS EMERGENCIA\" alt=\"\" \t\tclass=\"so-widget-image\"\/>\n\t<\/div>\n\n<\/div><\/div><div id=\"panel-2493-1-0-12\" class=\"so-panel widget widget_sow-headline\" data-index=\"13\" ><div\n\t\t\t\n\t\t\tclass=\"so-widget-sow-headline so-widget-sow-headline-default-843123a212ba-2493 so-widget-fittext-wrapper\"\n\t\t\t data-fit-text-compressor=\"\"\n\t\t><div class=\"sow-headline-container\">\n\t\t\t\t\t\t<div class=\"decoration\">\n\t\t\t\t\t\t<div class=\"decoration-inside\"><\/div>\n\t\t\t\t\t<\/div>\n\t\t\t\t\t<\/div>\n<\/div><\/div><div id=\"panel-2493-1-0-13\" class=\"so-panel widget widget_sow-editor\" data-index=\"14\" ><div\n\t\t\t\n\t\t\tclass=\"so-widget-sow-editor so-widget-sow-editor-base\"\n\t\t\t\n\t\t>\n<div class=\"siteorigin-widget-tinymce textwidget\">\n\t<h4 style=\"text-align: center;\">OF THE ELECTRICAL SYSTEM<\/h4>\n<p style=\"text-align: center;\">\u2022 Review and in case of failure, correction of electrical wiring.<br \/>\n\u2022 Review and in case of failure correction of the engine start (Start).<br \/>\n\u2022 Verification of the generator output frequency and if necessary adjust it.<br \/>\n\u2022 Tightening connections.<\/p>\n<\/div>\n<\/div><\/div><div id=\"panel-2493-1-0-14\" class=\"so-panel widget widget_sow-image\" data-index=\"15\" ><div\n\t\t\t\n\t\t\tclass=\"so-widget-sow-image so-widget-sow-image-default-c67d20f9f743-2493\"\n\t\t\t\n\t\t>\n\n<div class=\"sow-image-container\">\n\t\t<img loading=\"lazy\" decoding=\"async\" src=\"https:\/\/www.internationaltrading.com.mx\/wp-content\/uploads\/2023\/08\/mantenimiento-de-plantas-de-emergencia-3-1.jpg\" width=\"350\" height=\"228\" srcset=\"https:\/\/www.internationaltrading.com.mx\/wp-content\/uploads\/2023\/08\/mantenimiento-de-plantas-de-emergencia-3-1.jpg 350w, https:\/\/www.internationaltrading.com.mx\/wp-content\/uploads\/2023\/08\/mantenimiento-de-plantas-de-emergencia-3-1-300x195.jpg 300w, https:\/\/www.internationaltrading.com.mx\/wp-content\/uploads\/2023\/08\/mantenimiento-de-plantas-de-emergencia-3-1-18x12.jpg 18w\" sizes=\"auto, (max-width: 350px) 100vw, 350px\" title=\"MANTENIMIENTO PLANTAS EMERGENCIA\" alt=\"\" \t\tclass=\"so-widget-image\"\/>\n\t<\/div>\n\n<\/div><\/div><div id=\"panel-2493-1-0-15\" class=\"so-panel widget widget_sow-headline\" data-index=\"16\" ><div\n\t\t\t\n\t\t\tclass=\"so-widget-sow-headline so-widget-sow-headline-default-843123a212ba-2493 so-widget-fittext-wrapper\"\n\t\t\t data-fit-text-compressor=\"\"\n\t\t><div class=\"sow-headline-container\">\n\t\t\t\t\t\t<div class=\"decoration\">\n\t\t\t\t\t\t<div class=\"decoration-inside\"><\/div>\n\t\t\t\t\t<\/div>\n\t\t\t\t\t<\/div>\n<\/div><\/div><div id=\"panel-2493-1-0-16\" class=\"so-panel widget widget_sow-editor\" data-index=\"17\" ><div\n\t\t\t\n\t\t\tclass=\"so-widget-sow-editor so-widget-sow-editor-base\"\n\t\t\t\n\t\t>\n<div class=\"siteorigin-widget-tinymce textwidget\">\n\t<h4 style=\"text-align: center;\">CONTROL PANEL<\/h4>\n<p style=\"text-align: center;\">\u2022 Review and adjustment of control connections.<br \/>\n\u2022 Review and adjustment of power connections in the transfer module.<br \/>\n\u2022 Review and correction in case of battery charger malfunction.<br \/>\n\u2022 Review and ensure correct transfer and retransfer operation.<br \/>\n\u2022 Verify and, in case of failure, correct current, voltage and frequency measuring instruments.<br \/>\n\u2022 Check and in case of failure correct, startup time.<br \/>\n\u2022 Verify and in case of failure correct, transfer time.<br \/>\n\u2022 Verify and in case of failure correct, retransfer time.<br \/>\n\u2022 Verify and in case of failure correct, downtime.<\/p>\n<\/div>\n<\/div><\/div><div id=\"panel-2493-1-0-17\" class=\"so-panel widget widget_sow-image panel-last-child\" data-index=\"18\" ><div\n\t\t\t\n\t\t\tclass=\"so-widget-sow-image so-widget-sow-image-default-c67d20f9f743-2493\"\n\t\t\t\n\t\t>\n\n<div class=\"sow-image-container\">\n\t\t<img loading=\"lazy\" decoding=\"async\" src=\"https:\/\/www.internationaltrading.com.mx\/wp-content\/uploads\/2023\/08\/mantenimiento-de-plantas-de-emergencia-4-1.jpg\" width=\"350\" height=\"233\" srcset=\"https:\/\/www.internationaltrading.com.mx\/wp-content\/uploads\/2023\/08\/mantenimiento-de-plantas-de-emergencia-4-1.jpg 350w, https:\/\/www.internationaltrading.com.mx\/wp-content\/uploads\/2023\/08\/mantenimiento-de-plantas-de-emergencia-4-1-300x200.jpg 300w, https:\/\/www.internationaltrading.com.mx\/wp-content\/uploads\/2023\/08\/mantenimiento-de-plantas-de-emergencia-4-1-18x12.jpg 18w, https:\/\/www.internationaltrading.com.mx\/wp-content\/uploads\/2023\/08\/mantenimiento-de-plantas-de-emergencia-4-1-272x182.jpg 272w\" sizes=\"auto, (max-width: 350px) 100vw, 350px\" title=\"MANTENIMIENTO PLANTAS EMERGENCIA\" alt=\"\" \t\tclass=\"so-widget-image\"\/>\n\t<\/div>\n\n<\/div><\/div><\/div><\/div><\/div><\/div>","protected":false},"excerpt":{"rendered":"<p>EN EL MOTOR DE COMBUSTI\u00d3N INTERNA, REVISI\u00d3N Y EN CASO DE FALLA CORRECCI\u00d3N \u2022 Nivel de aceite del motor. \u2022 Nivel de agua de radiador. \u2022 Nivel de combustible en el tanque. \u2022 Nivel del l\u00edquido de la bater\u00eda. \u2022<\/p>","protected":false},"author":2,"featured_media":0,"parent":2505,"menu_order":5,"comment_status":"closed","ping_status":"closed","template":"","meta":{"_monsterinsights_skip_tracking":false,"_monsterinsights_sitenote_active":false,"_monsterinsights_sitenote_note":"","_monsterinsights_sitenote_category":0,"footnotes":""},"class_list":["post-2493","page","type-page","status-publish","hentry"],"_links":{"self":[{"href":"https:\/\/www.internationaltrading.com.mx\/en\/wp-json\/wp\/v2\/pages\/2493","targetHints":{"allow":["GET"]}}],"collection":[{"href":"https:\/\/www.internationaltrading.com.mx\/en\/wp-json\/wp\/v2\/pages"}],"about":[{"href":"https:\/\/www.internationaltrading.com.mx\/en\/wp-json\/wp\/v2\/types\/page"}],"author":[{"embeddable":true,"href":"https:\/\/www.internationaltrading.com.mx\/en\/wp-json\/wp\/v2\/users\/2"}],"replies":[{"embeddable":true,"href":"https:\/\/www.internationaltrading.com.mx\/en\/wp-json\/wp\/v2\/comments?post=2493"}],"version-history":[{"count":3,"href":"https:\/\/www.internationaltrading.com.mx\/en\/wp-json\/wp\/v2\/pages\/2493\/revisions"}],"predecessor-version":[{"id":2539,"href":"https:\/\/www.internationaltrading.com.mx\/en\/wp-json\/wp\/v2\/pages\/2493\/revisions\/2539"}],"up":[{"embeddable":true,"href":"https:\/\/www.internationaltrading.com.mx\/en\/wp-json\/wp\/v2\/pages\/2505"}],"wp:attachment":[{"href":"https:\/\/www.internationaltrading.com.mx\/en\/wp-json\/wp\/v2\/media?parent=2493"}],"curies":[{"name":"wp","href":"https:\/\/api.w.org\/{rel}","templated":true}]}}