{"id":2505,"date":"2023-08-13T12:36:59","date_gmt":"2023-08-13T18:36:59","guid":{"rendered":"http:\/\/www.internationaltrading.com.mx\/?page_id=2505"},"modified":"2023-08-13T13:02:25","modified_gmt":"2023-08-13T19:02:25","slug":"servicio-mantenimiento","status":"publish","type":"page","link":"https:\/\/www.internationaltrading.com.mx\/en\/servicio-mantenimiento\/","title":{"rendered":"SERVICIO DE MANTENIMIENTO"},"content":{"rendered":"<div id=\"pl-2505\"  class=\"panel-layout\" ><div id=\"pg-2505-0\"  class=\"panel-grid panel-has-style\" ><div class=\"siteorigin-panels-stretch panel-row-style panel-row-style-for-2505-0\" data-stretch-type=\"full-stretched\" ><div id=\"pgc-2505-0-0\"  class=\"panel-grid-cell\" ><div id=\"panel-2505-0-0-0\" class=\"so-panel widget widget_sow-hero panel-first-child panel-last-child\" data-index=\"0\" ><div class=\"panel-widget-style panel-widget-style-for-2505-0-0-0\" ><div\n\t\t\t\n\t\t\tclass=\"so-widget-sow-hero so-widget-sow-hero-default-e751aa66ceca-2505 so-widget-fittext-wrapper\"\n\t\t\t\n\t\t>\t\t\t\t<div class=\"sow-slider-base\" style=\"display: none\" tabindex=\"0\">\n\t\t\t\t\t<ul\n\t\t\t\t\tclass=\"sow-slider-images\"\n\t\t\t\t\tdata-settings=\"{&quot;pagination&quot;:true,&quot;speed&quot;:1000,&quot;timeout&quot;:8000,&quot;paused&quot;:false,&quot;pause_on_hover&quot;:false,&quot;swipe&quot;:true,&quot;nav_always_show_desktop&quot;:&quot;&quot;,&quot;nav_always_show_mobile&quot;:&quot;&quot;,&quot;breakpoint&quot;:&quot;780px&quot;,&quot;unmute&quot;:false,&quot;anchor&quot;:null}\"\n\t\t\t\t\t\t\t\t\t\tdata-anchor-id=\"\"\n\t\t\t\t>\t\t<li class=\"sow-slider-image  sow-slider-image-cover\" style=\"visibility: visible;;background-color: #222222\" >\n\t\t\t\t\t<div class=\"sow-slider-image-container\">\n\t\t\t<div class=\"sow-slider-image-wrapper\">\n\t\t\t\t<h1 style=\"text-align: center\"><strong>SERVICIO DE   MANTENIMIENTO<\/strong><\/h1>\t\t\t<\/div>\n\t\t<\/div>\n\t\t<div class=\"sow-slider-image-overlay sow-slider-image-cover\" style=\"opacity: 0.6;background-image: url(https:\/\/www.internationaltrading.com.mx\/wp-content\/uploads\/2023\/08\/MANTENIMIENTO-BANNER.jpg)\"  ><\/div>\t\t<\/li>\n\t\t<\/ul>\t\t\t\t<ol class=\"sow-slider-pagination\">\n\t\t\t\t\t\t\t\t\t\t\t<li><a href=\"#\" data-goto=\"0\" aria-label=\"display slide 1\"><\/a><\/li>\n\t\t\t\t\t\t\t\t\t<\/ol>\n\n\t\t\t\t<div class=\"sow-slide-nav sow-slide-nav-next\">\n\t\t\t\t\t<a href=\"#\" data-goto=\"next\" aria-label=\"next slide\" data-action=\"next\">\n\t\t\t\t\t\t<em class=\"sow-sld-icon-thin-right\"><\/em>\n\t\t\t\t\t<\/a>\n\t\t\t\t<\/div>\n\n\t\t\t\t<div class=\"sow-slide-nav sow-slide-nav-prev\">\n\t\t\t\t\t<a href=\"#\" data-goto=\"previous\" aria-label=\"previous slide\" data-action=\"prev\">\n\t\t\t\t\t\t<em class=\"sow-sld-icon-thin-left\"><\/em>\n\t\t\t\t\t<\/a>\n\t\t\t\t<\/div>\n\t\t\t\t<\/div><\/div><\/div><\/div><\/div><\/div><\/div><div id=\"pg-2505-1\"  class=\"panel-grid panel-has-style\" ><div class=\"siteorigin-panels-stretch panel-row-style panel-row-style-for-2505-1\" data-stretch-type=\"full\" ><div id=\"pgc-2505-1-0\"  class=\"panel-grid-cell\" ><div id=\"panel-2505-1-0-0\" class=\"so-panel widget widget_sow-editor panel-first-child\" data-index=\"1\" ><div\n\t\t\t\n\t\t\tclass=\"so-widget-sow-editor so-widget-sow-editor-base\"\n\t\t\t\n\t\t>\n<div class=\"siteorigin-widget-tinymce textwidget\">\n\t<p>El servicio es un caracter\u00edstica que nos distingue, hoy en d\u00eda las empresas est\u00e1n enfocadas a una cultura de mantenimiento correctivo con el cual sus equipos\u00a0 tienen una mayor calidad de vida\u00a0 y as\u00ed mismo se minimiza el nivel de riesgo, contamos con personal altamente capacitada para ofertarles\u00a0 mantenimientos preventivos y correctivos<\/p>\n<\/div>\n<\/div><\/div><div id=\"panel-2505-1-0-1\" class=\"so-panel widget widget_sow-image panel-last-child\" data-index=\"2\" ><div\n\t\t\t\n\t\t\tclass=\"so-widget-sow-image so-widget-sow-image-default-c67d20f9f743-2505\"\n\t\t\t\n\t\t>\n\n<div class=\"sow-image-container\">\n\t\t<img loading=\"lazy\" decoding=\"async\" src=\"https:\/\/www.internationaltrading.com.mx\/wp-content\/uploads\/2023\/08\/maintenance.jpg\" width=\"1920\" height=\"599\" srcset=\"https:\/\/www.internationaltrading.com.mx\/wp-content\/uploads\/2023\/08\/maintenance.jpg 1920w, https:\/\/www.internationaltrading.com.mx\/wp-content\/uploads\/2023\/08\/maintenance-300x94.jpg 300w, https:\/\/www.internationaltrading.com.mx\/wp-content\/uploads\/2023\/08\/maintenance-1024x319.jpg 1024w, https:\/\/www.internationaltrading.com.mx\/wp-content\/uploads\/2023\/08\/maintenance-768x240.jpg 768w, https:\/\/www.internationaltrading.com.mx\/wp-content\/uploads\/2023\/08\/maintenance-1536x479.jpg 1536w, https:\/\/www.internationaltrading.com.mx\/wp-content\/uploads\/2023\/08\/maintenance-18x6.jpg 18w\" sizes=\"auto, (max-width: 1920px) 100vw, 1920px\" title=\"SERCVICIO MANTENIMIENTO\" alt=\"\" \t\tclass=\"so-widget-image\"\/>\n\t<\/div>\n\n<\/div><\/div><\/div><\/div><\/div><div id=\"pg-2505-2\"  class=\"panel-grid panel-has-style\" ><div class=\"siteorigin-panels-stretch panel-row-style panel-row-style-for-2505-2\" data-stretch-type=\"full\" ><div id=\"pgc-2505-2-0\"  class=\"panel-grid-cell\" ><div id=\"panel-2505-2-0-0\" class=\"so-panel widget widget_sow-headline panel-first-child panel-last-child\" data-index=\"3\" ><div\n\t\t\t\n\t\t\tclass=\"so-widget-sow-headline so-widget-sow-headline-default-80097a5b9405-2505 so-widget-fittext-wrapper\"\n\t\t\t data-fit-text-compressor=\"\"\n\t\t><div class=\"sow-headline-container\">\n\t\t\t\t\t\t\t<h1 class=\"sow-headline\">\n\t\t\t\t\t\tTIPOS DE P\u00d3LIZAS Y SERVICIOS\t\t\t\t\t\t<\/h1>\n\t\t\t\t\t\t\t\t\t\t\t<div class=\"decoration\">\n\t\t\t\t\t\t<div class=\"decoration-inside\"><\/div>\n\t\t\t\t\t<\/div>\n\t\t\t\t\t<\/div>\n<\/div><\/div><\/div><\/div><\/div><div id=\"pg-2505-3\"  class=\"panel-grid panel-has-style\" ><div class=\"siteorigin-panels-stretch panel-row-style panel-row-style-for-2505-3\" data-stretch-type=\"full\" ><div id=\"pgc-2505-3-0\"  class=\"panel-grid-cell\" ><div id=\"panel-2505-3-0-0\" class=\"so-panel widget widget_sow-image panel-first-child panel-last-child\" data-index=\"4\" ><div\n\t\t\t\n\t\t\tclass=\"so-widget-sow-image so-widget-sow-image-default-c67d20f9f743-2505\"\n\t\t\t\n\t\t>\n\n<div class=\"sow-image-container\">\n\t\t<img loading=\"lazy\" decoding=\"async\" src=\"https:\/\/www.internationaltrading.com.mx\/wp-content\/uploads\/2023\/08\/PLANES-MTTO.jpg\" width=\"1214\" height=\"779\" srcset=\"https:\/\/www.internationaltrading.com.mx\/wp-content\/uploads\/2023\/08\/PLANES-MTTO.jpg 1214w, https:\/\/www.internationaltrading.com.mx\/wp-content\/uploads\/2023\/08\/PLANES-MTTO-300x193.jpg 300w, https:\/\/www.internationaltrading.com.mx\/wp-content\/uploads\/2023\/08\/PLANES-MTTO-1024x657.jpg 1024w, https:\/\/www.internationaltrading.com.mx\/wp-content\/uploads\/2023\/08\/PLANES-MTTO-768x493.jpg 768w, https:\/\/www.internationaltrading.com.mx\/wp-content\/uploads\/2023\/08\/PLANES-MTTO-18x12.jpg 18w\" sizes=\"auto, (max-width: 1214px) 100vw, 1214px\" title=\"SERCVICIO MANTENIMIENTO PLANES\" alt=\"\" \t\tclass=\"so-widget-image\"\/>\n\t<\/div>\n\n<\/div><\/div><\/div><\/div><\/div><div id=\"pg-2505-4\"  class=\"panel-grid panel-has-style\" ><div class=\"siteorigin-panels-stretch panel-row-style panel-row-style-for-2505-4\" data-stretch-type=\"full\" ><div id=\"pgc-2505-4-0\"  class=\"panel-grid-cell\" ><div id=\"panel-2505-4-0-0\" class=\"so-panel widget widget_sow-headline panel-first-child panel-last-child\" data-index=\"5\" ><div\n\t\t\t\n\t\t\tclass=\"so-widget-sow-headline so-widget-sow-headline-default-80097a5b9405-2505 so-widget-fittext-wrapper\"\n\t\t\t data-fit-text-compressor=\"\"\n\t\t><div class=\"sow-headline-container\">\n\t\t\t\t\t\t\t<h1 class=\"sow-headline\">\n\t\t\t\t\t\tNUESTROS SERVICIOS\t\t\t\t\t\t<\/h1>\n\t\t\t\t\t\t\t\t\t\t\t<div class=\"decoration\">\n\t\t\t\t\t\t<div class=\"decoration-inside\"><\/div>\n\t\t\t\t\t<\/div>\n\t\t\t\t\t<\/div>\n<\/div><\/div><\/div><\/div><\/div><div id=\"pg-2505-5\"  class=\"panel-grid panel-has-style\" ><div class=\"siteorigin-panels-stretch panel-row-style panel-row-style-for-2505-5\" data-stretch-type=\"full\" ><div id=\"pgc-2505-5-0\"  class=\"panel-grid-cell\" ><div id=\"panel-2505-5-0-0\" class=\"so-panel widget widget_themegrill_suffice_button tg-section tg-button-widget panel-first-child panel-last-child\" data-index=\"6\" >\n<div class=\"btn-center\">\n\t\t\t<a  class=\"btn btn-rounded btn-small\" style=\"color:#ffffff;background-color:#1e73be;\" href=\"http:\/\/www.internationaltrading.com.mx\/en\/servicio-mantenimiento\/mantenimiento-sistema-tierras-pararrayos\/\">\n\t\t\tMantenimiento Tierra f\u00edsicas y pararrayos\t\t<\/a>\n\t<\/div>\n<\/div><\/div><div id=\"pgc-2505-5-1\"  class=\"panel-grid-cell\" ><div id=\"panel-2505-5-1-0\" class=\"so-panel widget widget_themegrill_suffice_button tg-section tg-button-widget panel-first-child panel-last-child\" data-index=\"7\" >\n<div class=\"btn-center\">\n\t\t\t<a  class=\"btn btn-rounded btn-small\" style=\"color:#ffffff;background-color:#1e73be;\" href=\"http:\/\/www.internationaltrading.com.mx\/en\/servicio-mantenimiento\/mantenimiento-de-ups\/\">\n\t\t\tUPS Maintenance\t\t<\/a>\n\t<\/div>\n<\/div><\/div><div id=\"pgc-2505-5-2\"  class=\"panel-grid-cell\" ><div id=\"panel-2505-5-2-0\" class=\"so-panel widget widget_themegrill_suffice_button tg-section tg-button-widget panel-first-child panel-last-child\" data-index=\"8\" >\n<div class=\"btn-center\">\n\t\t\t<a  class=\"btn btn-rounded btn-small\" style=\"color:#ffffff;background-color:#1e73be;\" href=\"http:\/\/www.internationaltrading.com.mx\/en\/servicio-mantenimiento\/mantenimiento-baterias\/\">\n\t\t\tBatteries Maintenance\t\t<\/a>\n\t<\/div>\n<\/div><\/div><div id=\"pgc-2505-5-3\"  class=\"panel-grid-cell\" ><div id=\"panel-2505-5-3-0\" class=\"so-panel widget widget_themegrill_suffice_button tg-section tg-button-widget panel-first-child panel-last-child\" data-index=\"9\" >\n<div class=\"btn-center\">\n\t\t\t<a  class=\"btn btn-rounded btn-small\" style=\"color:#ffffff;background-color:#1e73be;\" href=\"http:\/\/www.internationaltrading.com.mx\/en\/servicio-mantenimiento\/mantenimiento-ac\/\">\n\t\t\tMantenimiento de Aire Acondicionado\t\t<\/a>\n\t<\/div>\n<\/div><\/div><div id=\"pgc-2505-5-4\"  class=\"panel-grid-cell\" ><div id=\"panel-2505-5-4-0\" class=\"so-panel widget widget_themegrill_suffice_button tg-section tg-button-widget panel-first-child panel-last-child\" data-index=\"10\" >\n<div class=\"btn-center\">\n\t\t\t<a  class=\"btn btn-rounded btn-small\" style=\"color:#ffffff;background-color:#1e73be;\" href=\"http:\/\/www.internationaltrading.com.mx\/en\/servicio-mantenimiento\/plantas-emergencia\/\">\n\t\t\tMantenimiento Plantas de Emergencia\t\t<\/a>\n\t<\/div>\n<\/div><\/div><\/div><\/div><div id=\"pg-2505-6\"  class=\"panel-grid panel-has-style\" ><div class=\"siteorigin-panels-stretch panel-row-style panel-row-style-for-2505-6\" data-stretch-type=\"full\" ><div id=\"pgc-2505-6-0\"  class=\"panel-grid-cell\" ><div id=\"panel-2505-6-0-0\" class=\"so-panel widget widget_sow-image panel-first-child panel-last-child\" data-index=\"11\" ><div\n\t\t\t\n\t\t\tclass=\"so-widget-sow-image so-widget-sow-image-default-c67d20f9f743-2505\"\n\t\t\t\n\t\t>\n\n<div class=\"sow-image-container\">\n\t\t<img loading=\"lazy\" decoding=\"async\" src=\"https:\/\/www.internationaltrading.com.mx\/wp-content\/uploads\/2023\/08\/maintenance2.jpg\" width=\"1920\" height=\"599\" srcset=\"https:\/\/www.internationaltrading.com.mx\/wp-content\/uploads\/2023\/08\/maintenance2.jpg 1920w, https:\/\/www.internationaltrading.com.mx\/wp-content\/uploads\/2023\/08\/maintenance2-300x94.jpg 300w, https:\/\/www.internationaltrading.com.mx\/wp-content\/uploads\/2023\/08\/maintenance2-1024x319.jpg 1024w, https:\/\/www.internationaltrading.com.mx\/wp-content\/uploads\/2023\/08\/maintenance2-768x240.jpg 768w, https:\/\/www.internationaltrading.com.mx\/wp-content\/uploads\/2023\/08\/maintenance2-1536x479.jpg 1536w, https:\/\/www.internationaltrading.com.mx\/wp-content\/uploads\/2023\/08\/maintenance2-18x6.jpg 18w\" sizes=\"auto, (max-width: 1920px) 100vw, 1920px\" title=\"SERCVICIO MANTENIMIENTO\" alt=\"\" \t\tclass=\"so-widget-image\"\/>\n\t<\/div>\n\n<\/div><\/div><\/div><\/div><\/div><div id=\"pg-2505-7\"  class=\"panel-grid panel-has-style\" ><div class=\"siteorigin-panels-stretch panel-row-style panel-row-style-for-2505-7\" data-stretch-type=\"full\" ><div id=\"pgc-2505-7-0\"  class=\"panel-grid-cell\" ><div id=\"panel-2505-7-0-0\" class=\"so-panel widget widget_sow-headline panel-first-child\" data-index=\"12\" ><div\n\t\t\t\n\t\t\tclass=\"so-widget-sow-headline so-widget-sow-headline-default-80097a5b9405-2505 so-widget-fittext-wrapper\"\n\t\t\t data-fit-text-compressor=\"\"\n\t\t><div class=\"sow-headline-container\">\n\t\t\t\t\t\t\t<h1 class=\"sow-headline\">\n\t\t\t\t\t\tBENEFICIOS\t\t\t\t\t\t<\/h1>\n\t\t\t\t\t\t\t\t\t\t\t<div class=\"decoration\">\n\t\t\t\t\t\t<div class=\"decoration-inside\"><\/div>\n\t\t\t\t\t<\/div>\n\t\t\t\t\t<\/div>\n<\/div><\/div><div id=\"panel-2505-7-0-1\" class=\"so-panel widget widget_sow-editor panel-last-child\" data-index=\"13\" ><div\n\t\t\t\n\t\t\tclass=\"so-widget-sow-editor so-widget-sow-editor-base\"\n\t\t\t\n\t\t>\n<div class=\"siteorigin-widget-tinymce textwidget\">\n\t<h4 style=\"text-align: center;\">\u2022 Asesor\u00eda por expertos para atender sus necesidades de servicio \u2022<\/h4>\n<h4 style=\"text-align: center;\">\u2022 Puesta en operaci\u00f3n garantizada y mantenimiento planificado \u2022<\/h4>\n<h4 style=\"text-align: center;\">\u2022 Disponibilidad de refacciones y equipo de soporte hasta 500KVA \u2022<\/h4>\n<h4 style=\"text-align: center;\">\u2022 Atenci\u00f3n disponible mediante contrato, las 24 horas del d\u00eda, 7 d\u00edas a la semana los 365 d\u00edas del a\u00f1o \u2022<\/h4>\n<\/div>\n<\/div><\/div><\/div><\/div><\/div><div id=\"pg-2505-8\"  class=\"panel-grid panel-has-style\" ><div class=\"siteorigin-panels-stretch panel-row-style panel-row-style-for-2505-8\" data-stretch-type=\"full\" ><div id=\"pgc-2505-8-0\"  class=\"panel-grid-cell\" ><div id=\"panel-2505-8-0-0\" class=\"so-panel widget widget_sow-headline panel-first-child\" data-index=\"14\" ><div\n\t\t\t\n\t\t\tclass=\"so-widget-sow-headline so-widget-sow-headline-default-fc961c662c98-2505 so-widget-fittext-wrapper\"\n\t\t\t data-fit-text-compressor=\"\"\n\t\t><div class=\"sow-headline-container\">\n\t\t\t\t\t\t\t<h1 class=\"sow-headline\">\n\t\t\t\t\t\tDATOS DE CONTACTO\t\t\t\t\t\t<\/h1>\n\t\t\t\t\t\t\t\t\t\t\t<div class=\"decoration\">\n\t\t\t\t\t\t<div class=\"decoration-inside\"><\/div>\n\t\t\t\t\t<\/div>\n\t\t\t\t\t<\/div>\n<\/div><\/div><div id=\"panel-2505-8-0-1\" class=\"so-panel widget widget_themegrill_suffice_iconbox tg-iconbox-container\" data-index=\"15\" ><div class=\"panel-widget-style panel-widget-style-for-2505-8-0-1\" ><div class=\"icon-box icon-box-center icon-box-hexagon\">\n\t\t\t\t<div class=\"icon-box-image\" style=\"color:#ffffff;\">\n\t\t\t<div class=\"icon-box-image-container\">\n\t\t\t\t<div class=\"icon-box-inner-image\">\n\t\t\t\t\t<img decoding=\"async\" src=\"http:\/\/www.internationaltrading.com.mx\/wp-content\/uploads\/2023\/08\/TELEFONO.png\" alt=\"\" \/>\n\t\t\t\t<\/div>\n\t\t\t<\/div>\n\t\t<\/div>\n\t\t<div class=\"icon-box-description\">\n\t\t\t\t\t\t\t<\/div>\n<\/div> <!-- end icon-box -->\n<\/div><\/div><div id=\"panel-2505-8-0-2\" class=\"so-panel widget widget_sow-editor\" data-index=\"16\" ><div\n\t\t\t\n\t\t\tclass=\"so-widget-sow-editor so-widget-sow-editor-base\"\n\t\t\t\n\t\t>\n<div class=\"siteorigin-widget-tinymce textwidget\">\n\t<h6 style=\"text-align: center; color: white;\">+52 55 53 79 28 00<\/h6>\n<\/div>\n<\/div><\/div><div id=\"panel-2505-8-0-3\" class=\"so-panel widget widget_themegrill_suffice_iconbox tg-iconbox-container\" data-index=\"17\" ><div class=\"panel-widget-style panel-widget-style-for-2505-8-0-3\" ><div class=\"icon-box icon-box-center icon-box-hexagon\">\n\t\t\t\t<div class=\"icon-box-image\" style=\"color:#ffffff;\">\n\t\t\t<div class=\"icon-box-image-container\">\n\t\t\t\t<div class=\"icon-box-inner-image\">\n\t\t\t\t\t<img decoding=\"async\" src=\"http:\/\/www.internationaltrading.com.mx\/wp-content\/uploads\/2023\/08\/MAIL.png\" alt=\"\" \/>\n\t\t\t\t<\/div>\n\t\t\t<\/div>\n\t\t<\/div>\n\t\t<div class=\"icon-box-description\">\n\t\t\t\t\t\t\t<\/div>\n<\/div> <!-- end icon-box -->\n<\/div><\/div><div id=\"panel-2505-8-0-4\" class=\"so-panel widget widget_sow-editor panel-last-child\" data-index=\"18\" ><div\n\t\t\t\n\t\t\tclass=\"so-widget-sow-editor so-widget-sow-editor-base\"\n\t\t\t\n\t\t>\n<div class=\"siteorigin-widget-tinymce textwidget\">\n\t<h6 style=\"text-align: center; color: white;\">ingrid@internationaltrading.com.mx<\/h6>\n<h6 style=\"text-align: center; color: white;\">michelle@internationaltrading.com.mx<\/h6>\n<h6 style=\"text-align: center; color: white;\">alexis@internationaltrading.com.mx<\/h6>\n<h6 style=\"text-align: center; color: white;\">joel@internationaltrading.com.mx<\/h6>\n<\/div>\n<\/div><\/div><\/div><\/div><\/div><\/div>","protected":false},"excerpt":{"rendered":"<p>El servicio es un caracter\u00edstica que nos distingue, hoy en d\u00eda las empresas est\u00e1n enfocadas a una cultura de mantenimiento correctivo con el cual sus equipos\u00a0 tienen una mayor calidad de vida\u00a0 y as\u00ed mismo se minimiza el nivel de<\/p>","protected":false},"author":2,"featured_media":0,"parent":0,"menu_order":5,"comment_status":"closed","ping_status":"closed","template":"","meta":{"_monsterinsights_skip_tracking":false,"_monsterinsights_sitenote_active":false,"_monsterinsights_sitenote_note":"","_monsterinsights_sitenote_category":0,"footnotes":""},"class_list":["post-2505","page","type-page","status-publish","hentry"],"_links":{"self":[{"href":"https:\/\/www.internationaltrading.com.mx\/en\/wp-json\/wp\/v2\/pages\/2505","targetHints":{"allow":["GET"]}}],"collection":[{"href":"https:\/\/www.internationaltrading.com.mx\/en\/wp-json\/wp\/v2\/pages"}],"about":[{"href":"https:\/\/www.internationaltrading.com.mx\/en\/wp-json\/wp\/v2\/types\/page"}],"author":[{"embeddable":true,"href":"https:\/\/www.internationaltrading.com.mx\/en\/wp-json\/wp\/v2\/users\/2"}],"replies":[{"embeddable":true,"href":"https:\/\/www.internationaltrading.com.mx\/en\/wp-json\/wp\/v2\/comments?post=2505"}],"version-history":[{"count":7,"href":"https:\/\/www.internationaltrading.com.mx\/en\/wp-json\/wp\/v2\/pages\/2505\/revisions"}],"predecessor-version":[{"id":2537,"href":"https:\/\/www.internationaltrading.com.mx\/en\/wp-json\/wp\/v2\/pages\/2505\/revisions\/2537"}],"wp:attachment":[{"href":"https:\/\/www.internationaltrading.com.mx\/en\/wp-json\/wp\/v2\/media?parent=2505"}],"curies":[{"name":"wp","href":"https:\/\/api.w.org\/{rel}","templated":true}]}}